{"id":1536,"date":"2024-06-12T22:55:31","date_gmt":"2024-06-12T20:55:31","guid":{"rendered":"https:\/\/astrovizija.com.hr\/?page_id=1536"},"modified":"2025-06-01T10:28:28","modified_gmt":"2025-06-01T08:28:28","slug":"planete-i-njihov-znacaj-u-astrologiji","status":"publish","type":"page","link":"https:\/\/astrovizija.com.hr\/en\/planete-i-njihov-znacaj-u-astrologiji\/","title":{"rendered":"Planete i njihov zna\u010daj u astrologiji"},"content":{"rendered":"\t\t<div data-elementor-type=\"wp-page\" data-elementor-id=\"1536\" class=\"elementor elementor-1536\" data-elementor-post-type=\"page\">\n\t\t\t\t<div class=\"elementor-element elementor-element-e71484b hero-container e-flex e-con-boxed e-con e-parent\" data-id=\"e71484b\" data-element_type=\"container\" data-e-type=\"container\">\n\t\t\t\t\t<div class=\"e-con-inner\">\n\t\t\t\t<div class=\"elementor-element elementor-element-4a4f3e4 elementor-widget elementor-widget-html\" data-id=\"4a4f3e4\" data-element_type=\"widget\" data-e-type=\"widget\" data-widget_type=\"html.default\">\n\t\t\t\t<div class=\"elementor-widget-container\">\n\t\t\t\t\t<div class=\"hero-container\">\r\n    <div class=\"hero-content\">\r\n        <!-- Naslov -->\r\n        <h1>Planeti \u2013 Klju\u010devi tvog unutarnjeg svemira<\/h1>\r\n        <!-- Tekst -->\r\n        <p>\r\n            Planeti su srce astrologije \u2013 simboli energije koji oblikuju na\u0161u osobnost,\r\n            odnose i \u017eivotni put. Spoznaj \u0161to Sunce, Mjesec i zvijezde govore o tebi\r\n            i tvojoj ulozi u svijetu.\r\n        <\/p>\r\n    <\/div>\r\n\r\n    <!-- Lottie animacija -->\r\n    <div class=\"lottie-animation\"><\/div>\r\n\r\n    <!-- Lebde\u0107i svjetlosni objekti -->\r\n    <div class=\"floating-light\"><\/div>\r\n    <div class=\"floating-light\"><\/div>\r\n    <div class=\"floating-light\"><\/div>\r\n<\/div>\r\n\r\n<!-- Dodaj Lottie.js biblioteku -->\r\n<script src=\"https:\/\/cdnjs.cloudflare.com\/ajax\/libs\/bodymovin\/5.12.2\/lottie.min.js\"><\/script>\r\n<script>\r\n    var animation = bodymovin.loadAnimation({\r\n        container: document.querySelector('.lottie-animation'), \/\/ Cilja klasu za Lottie\r\n        renderer: 'svg',\r\n        loop: true,\r\n        autoplay: true,\r\n        path: 'https:\/\/astrovizija.com.hr\/wp-content\/uploads\/2025\/01\/Suncev-sustav-1735992496418.json' \/\/ Putanja do tvoje JSON datoteke\r\n    });\r\n<\/script>\r\n\r\n<div class=\"pulsating-planet\"><\/div>\r\n\r\n<div class=\"comet\"><\/div>\r\n\r\n<script>\r\n    document.getElementById('space').addEventListener('click', function(e) {\r\n        const meteor = document.createElement('div');\r\n        meteor.className = 'meteor';\r\n        meteor.style.top = `${e.clientY}px`;\r\n        meteor.style.left = `${e.clientX}px`;\r\n        this.appendChild(meteor);\r\n\r\n        \/\/ Ukloni meteor iz DOM-a nakon zavr\u0161etka animacije\r\n        setTimeout(() => meteor.remove(), 2000);\r\n    });\r\n<\/script>\r\n\r\n<div class=\"meteor\"><\/div>\r\n\t\t\t\t<\/div>\n\t\t\t\t<\/div>\n\t\t\t\t\t<\/div>\n\t\t\t\t<\/div>\n\t\t<div class=\"elementor-element elementor-element-ef0466d ego-container e-flex e-con-boxed e-con e-parent\" data-id=\"ef0466d\" data-element_type=\"container\" data-e-type=\"container\">\n\t\t\t\t\t<div class=\"e-con-inner\">\n\t\t\t\t<div class=\"elementor-element elementor-element-bd86b2f elementor-widget elementor-widget-html\" data-id=\"bd86b2f\" data-element_type=\"widget\" data-e-type=\"widget\" data-widget_type=\"html.default\">\n\t\t\t\t<div class=\"elementor-widget-container\">\n\t\t\t\t\t<div class=\"ego-container\">\r\n  <div class=\"ego-content\">\r\n    <h2>EGO<\/h2>\r\n    <p>Ego je sr\u017e na\u0161e osobnosti, na\u0161e unutarnje svjetlo i na\u010din na koji izra\u017eavamo sebe.<\/p>\r\n    <div class=\"pulsating-circle\"><\/div>\r\n    <div class=\"planets-info\">\r\n      <div class=\"planet sun\">\r\n        <h3>Sunce \u2013 Srce tvoje osobnosti<\/h3>\r\n        <img decoding=\"async\" src=\"https:\/\/astrovizija.com.hr\/wp-content\/uploads\/2025\/01\/icons8-sun-star-48.png\" alt=\"Sunce\" class=\"planet-image\" \/>\r\n        <p>Sunce predstavlja tvoj unutarnji sjaj, tvoju \u017eivotnu svrhu i na\u010din na koji se izra\u017eava\u0161. Ono je simbol volje i snage.<\/p>\r\n        <p><strong>Primjer:<\/strong> Sunce u Lavu donosi hrabrost i \u017eelju za liderstvom, dok Sunce u Raku isti\u010de emocije i brigu za obitelj.<\/p>\r\n      <\/div>\r\n      <div class=\"planet moon\">\r\n        <h3>Mjesec \u2013 Emocionalno uto\u010di\u0161te<\/h3>\r\n        <img decoding=\"async\" src=\"https:\/\/astrovizija.com.hr\/wp-content\/uploads\/2025\/01\/icons8-moon-symbol-48.png\" alt=\"Mjesec\" class=\"planet-image\" \/>\r\n        <p>Mjesec vlada tvojim osje\u0107ajima, instinktima i podsvije\u0161\u0107u. On je simbol tvoje unutarnje sigurnosti i emocionalne potrebe.<\/p>\r\n        <p><strong>Primjer:<\/strong> Mjesec u Ribama nagla\u0161ava intuiciju, dok Mjesec u Biku donosi emocionalnu stabilnost.<\/p>\r\n      <\/div>\r\n      <div class=\"planet mercury\">\r\n        <h3>Merkur \u2013 Um i komunikacija<\/h3>\r\n        <img decoding=\"async\" src=\"https:\/\/astrovizija.com.hr\/wp-content\/uploads\/2025\/01\/mercury.png\" alt=\"Merkur\" class=\"planet-image\" \/>\r\n        <p>Merkur je glasnik \u2013 simbolizira tvoj na\u010din razmi\u0161ljanja, u\u010denja i izra\u017eavanja. On je intelektualni dio tvog ega.<\/p>\r\n        <p><strong>Primjer:<\/strong> Merkur u Blizancima govori brzo i znati\u017eeljno, dok Merkur u Jarcu razmi\u0161lja analiti\u010dno i organizirano.<\/p>\r\n      <\/div>\r\n    <\/div>\r\n    <div class=\"fusnote\">\r\n      <p><em>\u201eSunce, Mjesec i Merkur tvore jezgru na\u0161eg postojanja \u2013 oni su refleksija tko smo i kako do\u017eivljavamo svijet oko sebe.\u201c<\/em><\/p>\r\n      <p class=\"author\">- Noel Tyl<\/p>\r\n    <\/div>\r\n    <!-- Svemirska sablja -->\r\n    <div class=\"glow-wave\"><\/div>\r\n  <\/div>\r\n<\/div>\r\n\t\t\t\t<\/div>\n\t\t\t\t<\/div>\n\t\t\t\t\t<\/div>\n\t\t\t\t<\/div>\n\t\t<div class=\"elementor-element elementor-element-4f8cbae environment-container e-flex e-con-boxed e-con e-parent\" data-id=\"4f8cbae\" data-element_type=\"container\" data-e-type=\"container\">\n\t\t\t\t\t<div class=\"e-con-inner\">\n\t\t\t\t<div class=\"elementor-element elementor-element-8c646e8 elementor-widget elementor-widget-html\" data-id=\"8c646e8\" data-element_type=\"widget\" data-e-type=\"widget\" data-widget_type=\"html.default\">\n\t\t\t\t<div class=\"elementor-widget-container\">\n\t\t\t\t\t<div class=\"environment-container\">\r\n  <div class=\"venera-glow\">\r\n    <div class=\"sparkle-container\"><\/div> <!-- Zvjezdice -->\r\n    <div class=\"heart-container\"><\/div>   <!-- Srca -->\r\n  <\/div>\r\n  <div class=\"environment-content\">\r\n    <h2>Okolina<\/h2>\r\n    <p>\r\n      Planeti Mars i Venera definiraju kako reagiramo na svoju okolinu. Mars simbolizira akciju i energiju, dok Venera pokazuje \u0161to nas privla\u010di i \u010dini sretnima. Oni oblikuju na\u010din na koji djelujemo i volimo.\r\n    <\/p>\r\n    <div class=\"environment-sections\">\r\n      <div class=\"section\">\r\n        <h3>Mars \u2013 Snaga i akcija<\/h3>\r\n        <p>\r\n          Mars je simbol pokreta i borbe. On vlada tvojom energijom, motivacijom i na\u010dinom kako ostvaruje\u0161 ciljeve.\r\n        <\/p>\r\n        <p>\r\n          <strong>Primjer:<\/strong> Mars u Ovnu djeluje brzo i strastveno, dok Mars u Vagi tra\u017ei ravnote\u017eu i harmoniju u svojim akcijama.\r\n        <\/p>\r\n        <img decoding=\"async\"\r\n          src=\"https:\/\/astrovizija.com.hr\/wp-content\/uploads\/2025\/01\/mars.png\"\r\n          alt=\"Mars\"\r\n          class=\"environment-icon\"\r\n        \/>\r\n      <\/div>\r\n      <div class=\"section venera\">\r\n        <h3>Venera \u2013 Ljubav i privla\u010dnost<\/h3>\r\n        <p>\r\n          Venera je planet ljubavi, ljepote i u\u017eivanja. Ona pokazuje \u0161to voli\u0161, kako izra\u017eava\u0161 ljubav i kako u\u017eiva\u0161 u \u017eivotu.\r\n        <\/p>\r\n        <p>\r\n          <strong>Primjer:<\/strong> Venera u Vagi simbolizira sklad u odnosima, dok Venera u Biku tra\u017ei stabilnost i senzualnost.\r\n        <\/p>\r\n        <div class=\"spacer\"><\/div>\r\n        <img decoding=\"async\"\r\n          src=\"https:\/\/astrovizija.com.hr\/wp-content\/uploads\/2025\/01\/icons8-venus-planet-100.png\"\r\n          alt=\"Venera\"\r\n          class=\"environment-icon\"\r\n        \/>\r\n      <\/div>\r\n    <\/div>\r\n    <div class=\"fusnote\">\r\n      <p>\r\n        <em>\u201eMars i Venera nisu samo pokreta\u010di i privla\u010dnost \u2013 oni oblikuju na\u0161u interakciju s vanjskim svijetom, oslikavaju\u0107i na\u0161u snagu i strast.\u201c<\/em>\r\n      <\/p>\r\n      <p class=\"author\">- Noel Tyl<\/p>\r\n\r\n      <!-- Marsov simbol (Ma\u010d) unutar fusnote -->\r\n      <div class=\"mars-warrior-symbol\">\r\n        <img decoding=\"async\" src=\"https:\/\/astrovizija.com.hr\/wp-content\/uploads\/2025\/01\/icons8-sword-64.png\" alt=\"Marsov Ma\u010d\" \/>\r\n      <\/div>\r\n    <\/div>\r\n  <\/div>\r\n<\/div>\r\n\r\n<!-- Plamen -->\r\n<div class=\"mars-flame-container\">\r\n  <div class=\"mars-flame\"><\/div>\r\n  <div class=\"mars-flame\"><\/div>\r\n  <div class=\"mars-flame\"><\/div>\r\n<\/div>\r\n\r\n<!-- Zvjezdice i Srca JavaScript -->\r\n<script>\r\n  \/\/ Zvjezdice\r\n  const sparkleContainer = document.querySelector('.sparkle-container');\r\n  if (sparkleContainer) {\r\n    const numberOfSparks = 20;\r\n    for (let i = 0; i < numberOfSparks; i++) {\r\n      const sparkle = document.createElement('div');\r\n      sparkle.classList.add('sparkle');\r\n      sparkle.style.left = `${Math.random() * 100}%`;\r\n      sparkle.style.top = `${Math.random() * 100}%`;\r\n      sparkle.style.animationDuration = `${2 + Math.random() * 3}s`;\r\n      sparkleContainer.appendChild(sparkle);\r\n    }\r\n  }\r\n\r\n  \/\/ Srca\r\n  const heartContainer = document.querySelector('.heart-container');\r\n  if (heartContainer) {\r\n    const heartImages = [\r\n      \"https:\/\/astrovizija.com.hr\/wp-content\/uploads\/2025\/01\/icons8-heart-16-3-1.png\",\r\n      \"https:\/\/astrovizija.com.hr\/wp-content\/uploads\/2025\/01\/icons8-heart-16-2-1.png\",\r\n      \"https:\/\/astrovizija.com.hr\/wp-content\/uploads\/2025\/01\/icons8-heart-16-1-1.png\",\r\n      \"https:\/\/astrovizija.com.hr\/wp-content\/uploads\/2025\/01\/icons8-heart-16.png\"\r\n    ];\r\n\r\n    const createHeart = () => {\r\n      const heart = document.createElement('img');\r\n      heart.src = heartImages[Math.floor(Math.random() * heartImages.length)];\r\n      heart.classList.add('heart');\r\n      heart.style.left = `${Math.random() * 100}%`;\r\n      heart.style.top = `${Math.random() * 100}%`;\r\n      heart.style.animationDuration = `${2 + Math.random() * 3}s`;\r\n      heartContainer.appendChild(heart);\r\n      setTimeout(() => heart.remove(), 3000);\r\n    };\r\n\r\n    setInterval(createHeart, 500);\r\n  }\r\n<\/script>\r\n\r\n<!-- Plamen JavaScript -->\r\n<script>\r\n  const marsFlameContainer = document.querySelector('.mars-flame-container');\r\n  function createSpark() {\r\n    const spark = document.createElement('div');\r\n    spark.classList.add('mars-spark');\r\n    spark.style.left = `${Math.random() * 100}%`;\r\n    spark.style.animationDuration = `${1 + Math.random()}s`;\r\n    marsFlameContainer.appendChild(spark);\r\n    setTimeout(() => spark.remove(), 2000);\r\n  }\r\n  setInterval(createSpark, 500);\r\n<\/script>\r\n\t\t\t\t<\/div>\n\t\t\t\t<\/div>\n\t\t\t\t\t<\/div>\n\t\t\t\t<\/div>\n\t\t<div class=\"elementor-element elementor-element-3e5135c society-container e-flex e-con-boxed e-con e-parent\" data-id=\"3e5135c\" data-element_type=\"container\" data-e-type=\"container\">\n\t\t\t\t\t<div class=\"e-con-inner\">\n\t\t\t\t<div class=\"elementor-element elementor-element-1dda1e7 elementor-widget elementor-widget-html\" data-id=\"1dda1e7\" data-element_type=\"widget\" data-e-type=\"widget\" data-widget_type=\"html.default\">\n\t\t\t\t<div class=\"elementor-widget-container\">\n\t\t\t\t\t<div class=\"society-container\">\r\n  <!-- Lottie animacija iznad naslova -->\r\n  <div class=\"lottie-container\">\r\n    <lottie-player \r\n      src=\"https:\/\/astrovizija.com.hr\/wp-content\/uploads\/2025\/01\/Animation-1737148059879.json\"\r\n      background=\"transparent\"\r\n      speed=\"0.7\"\r\n      style=\"width: 350px; height: 350px; margin: 0 auto;\"\r\n      loop autoplay>\r\n    <\/lottie-player>\r\n  <\/div>\r\n\r\n  <!-- Naslov i opis -->\r\n  <div class=\"society-header\">\r\n    <h2>Dru\u0161tvo \u2013 Jupiter i Saturn<\/h2>\r\n    <p>\r\n      Jupiter i Saturn predstavljaju kako se uklapamo u dru\u0161tvo \u2013 Jupiter donosi \u0161irenje, optimizam i vjeru, dok Saturn simbolizira odgovornost, strukturu i granice. Oni su temelj na\u0161eg odnosa prema dru\u0161tvenim normama i izazovima.\r\n    <\/p>\r\n  <\/div>\r\n\r\n  <!-- Sekcije za Jupiter i Saturn -->\r\n  <div class=\"society-sections\">\r\n    <div class=\"section jupiter\">\r\n      <h3>Jupiter \u2013 Rast i optimizam<\/h3>\r\n      <p>\r\n        Jupiter je planet \u0161irenja, prilika i mudrosti. On simbolizira tvoju filozofiju \u017eivota, vjeru i uspjeh.\r\n      <\/p>\r\n      <p>\r\n        <strong>Primjer:<\/strong> Jupiter u Strijelcu donosi entuzijazam za u\u010denje, dok Jupiter u Raku nagla\u0161ava brigu za obitelj.\r\n      <\/p>\r\n      <div class=\"spacer\"><\/div> <!-- Dodan razmak -->\r\n      <img decoding=\"async\" src=\"https:\/\/astrovizija.com.hr\/wp-content\/uploads\/2025\/01\/jupiter.png\" alt=\"Jupiter\" class=\"society-icon jupiter-icon\" \/>\r\n    <\/div>\r\n    <div class=\"section saturn\">\r\n      <h3>Saturn \u2013 Struktura i odgovornost<\/h3>\r\n      <p>\r\n        Saturn je u\u010ditelj \u2013 planet discipline, granica i izazova. On nas u\u010di kako graditi temelje i suo\u010diti se s preprekama.\r\n      <\/p>\r\n      <p>\r\n        <strong>Primjer:<\/strong> Saturn u Djevici donosi perfekcionizam, dok Saturn u Vodenjaku poti\u010de inovaciju unutar granica.\r\n      <\/p>\r\n      <img decoding=\"async\" src=\"https:\/\/astrovizija.com.hr\/wp-content\/uploads\/2025\/01\/icons8-saturn-planet-100.png\" alt=\"Saturn\" class=\"society-icon saturn-icon\" \/>\r\n    <\/div>\r\n  <\/div>\r\n\r\n  <!-- Fusnota -->\r\n  <div class=\"society-fusnote animated-fusnote\">\r\n    <p>\r\n      <em>\u201eJupiter i Saturn zajedno \u010dine balans izme\u0111u ekspanzije i ograni\u010denja \u2013 kroz njih u\u010dimo kako djelovati unutar dru\u0161tva, ali i izgraditi vlastitu stabilnost.\u201c<\/em>\r\n    <\/p>\r\n    <p class=\"author\">- Noel Tyl<\/p>\r\n  <\/div>\r\n<\/div>\r\n\r\n<div class=\"society-particles\"><\/div>\r\n\r\n<!-- Skripte -->\r\n<script src=\"https:\/\/unpkg.com\/@lottiefiles\/lottie-player@latest\/dist\/lottie-player.js\"><\/script>\r\n<script>\r\n  \/\/ Odredi kontejner unutar kojeg \u0107e se pojaviti \u010destice\r\n  const societyContainer = document.querySelector('.society-container');\r\n\r\n  if (societyContainer) {\r\n    \/\/ Funkcija za generiranje \u010destice\r\n    const createParticle = () => {\r\n      const particle = document.createElement('div');\r\n      particle.classList.add('particle');\r\n\r\n      \/\/ Nasumi\u010dna pozicija unutar kontejnera\r\n      const x = Math.random() * 100; \/\/ Postotak \u0161irine\r\n      const y = Math.random() * 100; \/\/ Postotak visine\r\n\r\n      particle.style.left = `${x}%`; \/\/ Unutar navodnika\r\n      particle.style.top = `${y}%`; \/\/ Unutar navodnika\r\n\r\n      \/\/ Dodaj \u010desticu u kontejner\r\n      societyContainer.appendChild(particle);\r\n\r\n      \/\/ Ukloni \u010desticu nakon animacije\r\n      setTimeout(() => {\r\n        particle.remove();\r\n      }, 5000); \/\/ Vrijeme trajanja u milisekundama\r\n    };\r\n\r\n    \/\/ Generiraj \u010destice svakih 500 ms\r\n    setInterval(createParticle, 500);\r\n  }\r\n<\/script>\r\n<meta name=\"viewport\" content=\"width=device-width, initial-scale=1.0\">\r\n\t\t\t\t<\/div>\n\t\t\t\t<\/div>\n\t\t\t\t\t<\/div>\n\t\t\t\t<\/div>\n\t\t<div class=\"elementor-element elementor-element-d9ef7be destiny-container e-flex e-con-boxed e-con e-parent\" data-id=\"d9ef7be\" data-element_type=\"container\" data-e-type=\"container\">\n\t\t\t\t\t<div class=\"e-con-inner\">\n\t\t\t\t<div class=\"elementor-element elementor-element-894bb8e elementor-widget elementor-widget-html\" data-id=\"894bb8e\" data-element_type=\"widget\" data-e-type=\"widget\" data-widget_type=\"html.default\">\n\t\t\t\t<div class=\"elementor-widget-container\">\n\t\t\t\t\t<div class=\"destiny-container\">\r\n  <!-- Lottie animacija iznad naslova -->\r\n  <div class=\"lottie-container\">\r\n    <div class=\"mystic-effect\">\r\n  <div class=\"mystic-planet\"><\/div>\r\n<\/div>\r\n  <\/div>\r\n\r\n  <!-- Naslov i opis -->\r\n  <div class=\"destiny-header\">\r\n    <h2>Sudbina \/ Evolucija \u2013 Uran, Neptun i Pluton<\/h2>\r\n    <p>\r\n      Planeti Uran, Neptun i Pluton simboliziraju dublje sile sudbine i evolucije. Oni donose transformacije, promjene i povezanost s univerzalnim svijetom.\r\n    <\/p>\r\n  <\/div>\r\n\r\n  <!-- Kartice za planete -->\r\n  <div class=\"destiny-sections\">\r\n    <div class=\"section uran\">\r\n      <h3>Uran \u2013 Sloboda i promjena<\/h3>\r\n      <p>\r\n        Uran je planet inovacije, iznenadnih promjena i slobode. On nas poti\u010de da prekinemo s rutinom i zakora\u010dimo u novo.\r\n      <\/p>\r\n      <p><strong>Primjer:<\/strong> Uran u Blizancima donosi brzo prilago\u0111avanje promjenama, dok Uran u \u0160korpionu simbolizira duboke unutarnje transformacije.<\/p>\r\n      <div class=\"spacer\"><\/div>\r\n      <img decoding=\"async\" src=\"https:\/\/astrovizija.com.hr\/wp-content\/uploads\/2025\/01\/uran.png\" alt=\"Uran\" class=\"destiny-icon uran-icon\" \/>\r\n    <\/div>\r\n\r\n    <div class=\"section neptun\">\r\n      <h3>Neptun \u2013 Ma\u0161ta i duhovnost<\/h3>\r\n      <p>\r\n        Neptun je planet iluzije, intuicije i duhovnosti. On otkriva tvoju povezanost s nevidljivim svijetom i snovima.\r\n      <\/p>\r\n      <p><strong>Primjer:<\/strong> Neptun u Ribama nagla\u0161ava intuiciju i empatiju, dok Neptun u Jarcu simbolizira duhovnu prakti\u010dnost.<\/p>\r\n      <img decoding=\"async\" src=\"https:\/\/astrovizija.com.hr\/wp-content\/uploads\/2025\/01\/neptun.png\" alt=\"Neptun\" class=\"destiny-icon neptun-icon\" \/>\r\n    <\/div>\r\n\r\n    <div class=\"section pluto\">\r\n      <h3>Pluton \u2013 Transformacija i mo\u0107<\/h3>\r\n      <p>\r\n        Pluton je planet preobrazbe, regeneracije i mo\u0107i. On nas suo\u010dava s na\u0161im sjenama i poma\u017ee nam da se uzdignemo kroz promjene.\r\n      <\/p>\r\n      <p><strong>Primjer:<\/strong> Pluton u Vagi simbolizira transformaciju kroz odnose, dok Pluton u Lavu donosi duboke promjene identiteta.<\/p>\r\n      <div class=\"spacer\"><\/div>\r\n      <img decoding=\"async\" src=\"https:\/\/astrovizija.com.hr\/wp-content\/uploads\/2025\/01\/pluto.png\" alt=\"Pluton\" class=\"destiny-icon pluto-icon\" \/>\r\n    <\/div>\r\n  <\/div>\r\n\r\n  <!-- Fusnota -->\r\n  <div class=\"destiny-fusnote\">\r\n    <p>\r\n      <em>\u201eUran, Neptun i Pluton donose izazove koji oblikuju na\u0161u sudbinu \u2013 oni su alati kozmi\u010dke evolucije, pokreta\u010di dubokih unutarnjih promjena.\u201c<\/em>\r\n    <\/p>\r\n    <p class=\"author\">- Noel Tyl<\/p>\r\n  <\/div>\r\n  <div class=\"cosmic-ending\">\r\n  <div class=\"floating-particles\"><\/div>\r\n<\/div>\r\n<script>\r\n  document.addEventListener('DOMContentLoaded', () => {\r\n    const sections = document.querySelectorAll('.section');\r\n\r\n    window.addEventListener('scroll', () => {\r\n      sections.forEach(section => {\r\n        const sectionTop = section.getBoundingClientRect().top;\r\n        if (sectionTop < window.innerHeight - 50) {\r\n          section.classList.add('visible');\r\n        }\r\n      });\r\n    });\r\n  });\r\n<\/script>\r\n\t\t\t\t<\/div>\n\t\t\t\t<\/div>\n\t\t\t\t\t<\/div>\n\t\t\t\t<\/div>\n\t\t\t\t<\/div>\n\t\t","protected":false},"excerpt":{"rendered":"<p>Planeti \u2013 Klju\u010devi tvog unutarnjeg svemira Planeti su srce astrologije \u2013 simboli energije koji oblikuju na\u0161u osobnost, odnose i \u017eivotni put. Spoznaj \u0161to Sunce, Mjesec i zvijezde govore o tebi i tvojoj ulozi u svijetu. EGO Ego je sr\u017e na\u0161e osobnosti, na\u0161e unutarnje svjetlo i na\u010din na koji izra\u017eavamo sebe. Sunce \u2013 Srce tvoje osobnosti [&hellip;]<\/p>\n","protected":false},"author":1,"featured_media":0,"parent":0,"menu_order":0,"comment_status":"closed","ping_status":"closed","template":"","meta":{"_acf_changed":false,"_uag_custom_page_level_css":"","footnotes":""},"class_list":["post-1536","page","type-page","status-publish","hentry"],"acf":[],"uagb_featured_image_src":{"full":false,"thumbnail":false,"medium":false,"medium_large":false,"large":false,"1536x1536":false,"2048x2048":false,"trp-custom-language-flag":false,"tp-image-grid":false},"uagb_author_info":{"display_name":"Astro Vizija - Alen Milohani\u0107","author_link":"https:\/\/astrovizija.com.hr\/en\/author\/astro\/"},"uagb_comment_info":0,"uagb_excerpt":"Planeti \u2013 Klju\u010devi tvog unutarnjeg svemira Planeti su srce astrologije \u2013 simboli energije koji oblikuju na\u0161u osobnost, odnose i \u017eivotni put. Spoznaj \u0161to Sunce, Mjesec i zvijezde govore o tebi i tvojoj ulozi u svijetu. EGO Ego je sr\u017e na\u0161e osobnosti, na\u0161e unutarnje svjetlo i na\u010din na koji izra\u017eavamo sebe. Sunce \u2013 Srce tvoje osobnosti&hellip;","_links":{"self":[{"href":"https:\/\/astrovizija.com.hr\/en\/wp-json\/wp\/v2\/pages\/1536","targetHints":{"allow":["GET"]}}],"collection":[{"href":"https:\/\/astrovizija.com.hr\/en\/wp-json\/wp\/v2\/pages"}],"about":[{"href":"https:\/\/astrovizija.com.hr\/en\/wp-json\/wp\/v2\/types\/page"}],"author":[{"embeddable":true,"href":"https:\/\/astrovizija.com.hr\/en\/wp-json\/wp\/v2\/users\/1"}],"replies":[{"embeddable":true,"href":"https:\/\/astrovizija.com.hr\/en\/wp-json\/wp\/v2\/comments?post=1536"}],"version-history":[{"count":973,"href":"https:\/\/astrovizija.com.hr\/en\/wp-json\/wp\/v2\/pages\/1536\/revisions"}],"predecessor-version":[{"id":14282,"href":"https:\/\/astrovizija.com.hr\/en\/wp-json\/wp\/v2\/pages\/1536\/revisions\/14282"}],"wp:attachment":[{"href":"https:\/\/astrovizija.com.hr\/en\/wp-json\/wp\/v2\/media?parent=1536"}],"curies":[{"name":"wp","href":"https:\/\/api.w.org\/{rel}","templated":true}]}}