{"id":16663,"date":"2026-01-09T10:16:35","date_gmt":"2026-01-09T09:16:35","guid":{"rendered":"https:\/\/astrovizija.com.hr\/?page_id=16663"},"modified":"2026-01-15T20:56:12","modified_gmt":"2026-01-15T19:56:12","slug":"o-meni","status":"publish","type":"page","link":"https:\/\/astrovizija.com.hr\/en\/o-meni\/","title":{"rendered":"O meni"},"content":{"rendered":"\t\t<div data-elementor-type=\"wp-page\" data-elementor-id=\"16663\" class=\"elementor elementor-16663\" data-elementor-post-type=\"page\">\n\t\t\t\t<div class=\"elementor-element elementor-element-89fd8f5 about-hero e-flex e-con-boxed e-con e-parent\" data-id=\"89fd8f5\" data-element_type=\"container\" data-e-type=\"container\">\n\t\t\t\t\t<div class=\"e-con-inner\">\n\t\t<div class=\"elementor-element elementor-element-585fe01 e-con-full about-hero-inner e-flex e-con e-child\" data-id=\"585fe01\" data-element_type=\"container\" data-e-type=\"container\">\n\t\t\t\t<div class=\"elementor-element elementor-element-5a02afa elementor-widget elementor-widget-heading\" data-id=\"5a02afa\" data-element_type=\"widget\" data-e-type=\"widget\" data-widget_type=\"heading.default\">\n\t\t\t\t<div class=\"elementor-widget-container\">\n\t\t\t\t\t<h2 class=\"elementor-heading-title elementor-size-default\">Zvijezde koje su me dovele ovdje<\/h2>\t\t\t\t<\/div>\n\t\t\t\t<\/div>\n\t\t\t\t<\/div>\n\t\t\t\t<div class=\"elementor-element elementor-element-7358a2e elementor-widget elementor-widget-text-editor\" data-id=\"7358a2e\" data-element_type=\"widget\" data-e-type=\"widget\" data-widget_type=\"text-editor.default\">\n\t\t\t\t<div class=\"elementor-widget-container\">\n\t\t\t\t\t\t\t\t\t<p>Mjesto gdje astrologija postaje razgovor sa sobom.<\/p>\t\t\t\t\t\t\t\t<\/div>\n\t\t\t\t<\/div>\n\t\t\t\t<div class=\"elementor-element elementor-element-dad21ab elementor-widget elementor-widget-html\" data-id=\"dad21ab\" data-element_type=\"widget\" data-e-type=\"widget\" data-widget_type=\"html.default\">\n\t\t\t\t<div class=\"elementor-widget-container\">\n\t\t\t\t\t<div class=\"cosmic-container\">\r\n  <div class=\"cosmic-portal\" id=\"cosmicPortal\"><\/div>\r\n  <div class=\"cosmic-text\">Astro Vizija \u2013 Alen Milohani\u0107<\/div>\r\n<\/div>\r\n\r\n<script>\r\ndocument.addEventListener(\"DOMContentLoaded\", () => {\r\n  const portal = document.getElementById(\"cosmicPortal\");\r\n\r\n  const icons = [\r\n    \"https:\/\/astrovizija.com.hr\/wp-content\/uploads\/2025\/02\/moon.png\",\r\n    \"https:\/\/astrovizija.com.hr\/wp-content\/uploads\/2025\/02\/planet1.png\",\r\n    \"https:\/\/astrovizija.com.hr\/wp-content\/uploads\/2025\/01\/zvjezdice.png\"\r\n  ];\r\n\r\n  function spawnIcon() {\r\n    const icon = document.createElement(\"img\");\r\n    icon.src = icons[Math.floor(Math.random() * icons.length)];\r\n    icon.className = \"cosmic-icon\";\r\n\r\n    const angle = Math.random() * Math.PI * 2;\r\n    const distance = 70 + Math.random() * 40;\r\n\r\n    icon.style.setProperty(\"--x\", `${Math.cos(angle) * distance}px`);\r\n    icon.style.setProperty(\"--y\", `${Math.sin(angle) * distance}px`);\r\n\r\n    portal.appendChild(icon);\r\n\r\n    setTimeout(() => icon.remove(), 5000);\r\n  }\r\n\r\n  setInterval(spawnIcon, 4500);\r\n});\r\n<\/script>\r\n\t\t\t\t<\/div>\n\t\t\t\t<\/div>\n\t\t\t\t\t<\/div>\n\t\t\t\t<\/div>\n\t\t<div class=\"elementor-element elementor-element-8a08854 about-story e-flex e-con-boxed e-con e-parent\" data-id=\"8a08854\" data-element_type=\"container\" data-e-type=\"container\">\n\t\t\t\t\t<div class=\"e-con-inner\">\n\t\t<div class=\"elementor-element elementor-element-b66907a e-con-full about-story-inner e-flex e-con e-child\" data-id=\"b66907a\" data-element_type=\"container\" data-e-type=\"container\">\n\t\t<div class=\"elementor-element elementor-element-266d053 e-con-full about-story-media e-flex e-con e-child\" data-id=\"266d053\" data-element_type=\"container\" data-e-type=\"container\">\n\t\t\t\t<div class=\"elementor-element elementor-element-bff000e elementor-widget elementor-widget-html\" data-id=\"bff000e\" data-element_type=\"widget\" data-e-type=\"widget\" data-widget_type=\"html.default\">\n\t\t\t\t<div class=\"elementor-widget-container\">\n\t\t\t\t\t<div class=\"about-video\">\r\n  <iframe \r\n    src=\"https:\/\/www.youtube.com\/embed\/pSRLwlAlrCI\"\r\n    title=\"Astro Vizija \u2013 Alen Milohani\u0107\"\r\n    frameborder=\"0\"\r\n    allow=\"accelerometer; autoplay; clipboard-write; encrypted-media; gyroscope; picture-in-picture\"\r\n    allowfullscreen>\r\n  <\/iframe>\r\n<\/div>\r\n<div class=\"video-separator\"><\/div>\r\n\t\t\t\t<\/div>\n\t\t\t\t<\/div>\n\t\t\t\t<\/div>\n\t\t<div class=\"elementor-element elementor-element-495e2a9 e-con-full about-story-content e-flex e-con e-child\" data-id=\"495e2a9\" data-element_type=\"container\" data-e-type=\"container\">\n\t\t\t\t<div class=\"elementor-element elementor-element-f51e883 about-story-title elementor-widget elementor-widget-heading\" data-id=\"f51e883\" data-element_type=\"widget\" data-e-type=\"widget\" data-widget_type=\"heading.default\">\n\t\t\t\t<div class=\"elementor-widget-container\">\n\t\t\t\t\t<h2 class=\"elementor-heading-title elementor-size-default\">Kako su me zvijezde dovele ovdje<\/h2>\t\t\t\t<\/div>\n\t\t\t\t<\/div>\n\t\t\t\t<div class=\"elementor-element elementor-element-f968540 about-story-intro elementor-widget elementor-widget-text-editor\" data-id=\"f968540\" data-element_type=\"widget\" data-e-type=\"widget\" data-widget_type=\"text-editor.default\">\n\t\t\t\t<div class=\"elementor-widget-container\">\n\t\t\t\t\t\t\t\t\t<p>Astrologija me nije prona\u0161la slu\u010dajno. Do\u0161la je tiho, kroz pitanja, iskustva i potrebu da razumijem sebe dublje. Astro Vizija je prostor u kojem to putovanje dijelim \u2013 iskreno, bez mistifikacije, ali s po\u0161tovanjem prema nebu iznad nas.<\/p>\t\t\t\t\t\t\t\t<\/div>\n\t\t\t\t<\/div>\n\t\t<div class=\"elementor-element elementor-element-9de9696 e-con-full about-story-cards e-flex e-con e-child\" data-id=\"9de9696\" data-element_type=\"container\" data-e-type=\"container\">\n\t\t\t\t<div class=\"elementor-element elementor-element-84eac81 about-card elementor-widget elementor-widget-text-editor\" data-id=\"84eac81\" data-element_type=\"widget\" data-e-type=\"widget\" data-widget_type=\"text-editor.default\">\n\t\t\t\t<div class=\"elementor-widget-container\">\n\t\t\t\t\t\t\t\t\t<strong>Kako je sve po\u010delo<\/strong><br>\nAstrologija je u moj \u017eivot u\u0161la kroz osobna pitanja, krize i unutarnje preokrete. Nije do\u0161la kao odgovor, nego kao alat \u2013 za razumijevanje, ne za bijeg.\n\t\t\t\t\t\t\t\t<\/div>\n\t\t\t\t<\/div>\n\t\t\t\t<div class=\"elementor-element elementor-element-ea0faca about-card elementor-widget elementor-widget-text-editor\" data-id=\"ea0faca\" data-element_type=\"widget\" data-e-type=\"widget\" data-widget_type=\"text-editor.default\">\n\t\t\t\t<div class=\"elementor-widget-container\">\n\t\t\t\t\t\t\t\t\t<strong>Astro Vizija danas<\/strong><br>\nAstro Vizija je prostor u kojem astrologija prestaje biti senzacija, a postaje razgovor. Bez obe\u0107anja, bez straha \u2013 ali s dubinom i po\u0161tovanjem prema simbolima.\t\t\t\t\t\t\t\t<\/div>\n\t\t\t\t<\/div>\n\t\t\t\t<div class=\"elementor-element elementor-element-02a8499 about-card elementor-widget elementor-widget-text-editor\" data-id=\"02a8499\" data-element_type=\"widget\" data-e-type=\"widget\" data-widget_type=\"text-editor.default\">\n\t\t\t\t<div class=\"elementor-widget-container\">\n\t\t\t\t\t\t\t\t\t<strong>U \u0161to vjerujem<\/strong><br>\nNe vjerujem u sudbinu kao kaznu. Vjerujem u cikluse, izbore i svijest. Astrologija za mene nije proro\u010danstvo, nego mapa.\n\t\t\t\t\t\t\t\t<\/div>\n\t\t\t\t<\/div>\n\t\t\t\t<div class=\"elementor-element elementor-element-84607e7 about-card elementor-widget elementor-widget-text-editor\" data-id=\"84607e7\" data-element_type=\"widget\" data-e-type=\"widget\" data-widget_type=\"text-editor.default\">\n\t\t\t\t<div class=\"elementor-widget-container\">\n\t\t\t\t\t\t\t\t\t<strong>Ako osje\u0107a\u0161 poziv<\/strong><br>\nAko tra\u017ei\u0161 smisao, a ne gotove odgovore \u2013 ovdje si dobrodo\u0161ao. Zvijezde ne govore umjesto tebe, ali mogu pomo\u0107i da \u010duje\u0161 sebe jasnije.\t\t\t\t\t\t\t\t<\/div>\n\t\t\t\t<\/div>\n\t\t\t\t<div class=\"elementor-element elementor-element-25d2ddb about-story-quote elementor-widget elementor-widget-html\" data-id=\"25d2ddb\" data-element_type=\"widget\" data-e-type=\"widget\" data-widget_type=\"html.default\">\n\t\t\t\t<div class=\"elementor-widget-container\">\n\t\t\t\t\t<blockquote class=\"about-story-quote\">\r\n  Astrologija nije predvi\u0111anje sudbine \u2013  \r\n  to je osvjetljavanje tvog puta.\r\n  <span class=\"author\">\u2014 Alen Milohani\u0107<\/span>\r\n<\/blockquote>\r\n\t\t\t\t<\/div>\n\t\t\t\t<\/div>\n\t\t\t\t<\/div>\n\t\t\t\t<\/div>\n\t\t\t\t<\/div>\n\t\t\t\t\t<\/div>\n\t\t\t\t<\/div>\n\t\t\t\t<\/div>\n\t\t","protected":false},"excerpt":{"rendered":"<p>Zvijezde koje su me dovele ovdje Mjesto gdje astrologija postaje razgovor sa sobom. Astro Vizija \u2013 Alen Milohani\u0107 Kako su me zvijezde dovele ovdje Astrologija me nije prona\u0161la slu\u010dajno. Do\u0161la je tiho, kroz pitanja, iskustva i potrebu da razumijem sebe dublje. Astro Vizija je prostor u kojem to putovanje dijelim \u2013 iskreno, bez mistifikacije, ali [&hellip;]<\/p>\n","protected":false},"author":1,"featured_media":0,"parent":0,"menu_order":0,"comment_status":"closed","ping_status":"closed","template":"","meta":{"_acf_changed":false,"_uag_custom_page_level_css":"","footnotes":""},"class_list":["post-16663","page","type-page","status-publish","hentry"],"acf":[],"uagb_featured_image_src":{"full":false,"thumbnail":false,"medium":false,"medium_large":false,"large":false,"1536x1536":false,"2048x2048":false,"trp-custom-language-flag":false,"tp-image-grid":false},"uagb_author_info":{"display_name":"Astro Vizija - Alen Milohani\u0107","author_link":"https:\/\/astrovizija.com.hr\/en\/author\/astro\/"},"uagb_comment_info":0,"uagb_excerpt":"Zvijezde koje su me dovele ovdje Mjesto gdje astrologija postaje razgovor sa sobom. Astro Vizija \u2013 Alen Milohani\u0107 Kako su me zvijezde dovele ovdje Astrologija me nije prona\u0161la slu\u010dajno. Do\u0161la je tiho, kroz pitanja, iskustva i potrebu da razumijem sebe dublje. Astro Vizija je prostor u kojem to putovanje dijelim \u2013 iskreno, bez mistifikacije, ali&hellip;","_links":{"self":[{"href":"https:\/\/astrovizija.com.hr\/en\/wp-json\/wp\/v2\/pages\/16663","targetHints":{"allow":["GET"]}}],"collection":[{"href":"https:\/\/astrovizija.com.hr\/en\/wp-json\/wp\/v2\/pages"}],"about":[{"href":"https:\/\/astrovizija.com.hr\/en\/wp-json\/wp\/v2\/types\/page"}],"author":[{"embeddable":true,"href":"https:\/\/astrovizija.com.hr\/en\/wp-json\/wp\/v2\/users\/1"}],"replies":[{"embeddable":true,"href":"https:\/\/astrovizija.com.hr\/en\/wp-json\/wp\/v2\/comments?post=16663"}],"version-history":[{"count":77,"href":"https:\/\/astrovizija.com.hr\/en\/wp-json\/wp\/v2\/pages\/16663\/revisions"}],"predecessor-version":[{"id":16894,"href":"https:\/\/astrovizija.com.hr\/en\/wp-json\/wp\/v2\/pages\/16663\/revisions\/16894"}],"wp:attachment":[{"href":"https:\/\/astrovizija.com.hr\/en\/wp-json\/wp\/v2\/media?parent=16663"}],"curies":[{"name":"wp","href":"https:\/\/api.w.org\/{rel}","templated":true}]}}