{"id":16746,"date":"2026-01-09T13:21:47","date_gmt":"2026-01-09T12:21:47","guid":{"rendered":"https:\/\/astrovizija.com.hr\/?page_id=16746"},"modified":"2026-04-14T09:55:49","modified_gmt":"2026-04-14T07:55:49","slug":"kontakt","status":"publish","type":"page","link":"https:\/\/astrovizija.com.hr\/en\/kontakt\/","title":{"rendered":"Kontakt"},"content":{"rendered":"<div data-elementor-type=\"wp-page\" data-elementor-id=\"16746\" class=\"elementor elementor-16746\" data-elementor-post-type=\"page\">\n\t\t\t\t<div class=\"elementor-element elementor-element-37f8547 kontakt-hero e-flex e-con-boxed e-con e-parent\" data-id=\"37f8547\" data-element_type=\"container\" data-e-type=\"container\">\n\t\t\t\t\t<div class=\"e-con-inner\">\n\t\t<div class=\"elementor-element elementor-element-ba38b76 e-con-full kontakt-hero e-flex e-con e-child\" data-id=\"ba38b76\" data-element_type=\"container\" data-e-type=\"container\">\n\t\t\t\t<div class=\"elementor-element elementor-element-88d9b97 elementor-widget elementor-widget-heading\" data-id=\"88d9b97\" data-element_type=\"widget\" data-e-type=\"widget\" data-widget_type=\"heading.default\">\n\t\t\t\t<div class=\"elementor-widget-container\">\n\t\t\t\t\t<h2 class=\"elementor-heading-title elementor-size-default\">Ako osjeti\u0161 da je vrijeme \u2014 javi se<\/h2>\t\t\t\t<\/div>\n\t\t\t\t<\/div>\n\t\t\t\t<div class=\"elementor-element elementor-element-473d21c elementor-widget elementor-widget-text-editor\" data-id=\"473d21c\" data-element_type=\"widget\" data-e-type=\"widget\" data-widget_type=\"text-editor.default\">\n\t\t\t\t<div class=\"elementor-widget-container\">\n\t\t\t\t\t\t\t\t\t<p><strong data-start=\"668\" data-end=\"705\">Svaki odgovor po\u010dinje razgovorom.<\/strong><br data-start=\"705\" data-end=\"708\" \/>Pi\u0161i mi ako osje\u0107a\u0161 da je vrijeme za dublji uvid.<\/p>\t\t\t\t\t\t\t\t<\/div>\n\t\t\t\t<\/div>\n\t\t\t\t<div class=\"elementor-element elementor-element-154bbb9 elementor-widget elementor-widget-html\" data-id=\"154bbb9\" data-element_type=\"widget\" data-e-type=\"widget\" data-widget_type=\"html.default\">\n\t\t\t\t<div class=\"elementor-widget-container\">\n\t\t\t\t\t<div class=\"astro-stars\">\r\n  <span class=\"star s1\"><\/span>\r\n  <span class=\"star s2\"><\/span>\r\n  <span class=\"star s3\"><\/span>\r\n<\/div>\r\n\t\t\t\t<\/div>\n\t\t\t\t<\/div>\n\t\t\t\t<\/div>\n\t\t<div class=\"elementor-element elementor-element-8688274 e-con-full kontakt-hero-grid e-flex e-con e-child\" data-id=\"8688274\" data-element_type=\"container\" data-e-type=\"container\">\n\t\t<div class=\"elementor-element elementor-element-54ff768 e-con-full kontakt-hero-left e-flex e-con e-child\" data-id=\"54ff768\" data-element_type=\"container\" data-e-type=\"container\">\n\t\t\t\t<div class=\"elementor-element elementor-element-073e6a7 elementor-widget elementor-widget-image\" data-id=\"073e6a7\" data-element_type=\"widget\" data-e-type=\"widget\" data-widget_type=\"image.default\">\n\t\t\t\t<div class=\"elementor-widget-container\">\n\t\t\t\t\t\t\t\t\t\t\t\t\t\t\t<img decoding=\"async\" src=\"https:\/\/astrovizija.com.hr\/wp-content\/uploads\/2025\/01\/astro-vizija-alen-scaled.jpg\" title=\"\" alt=\"\" loading=\"lazy\" \/>\t\t\t\t\t\t\t\t\t\t\t\t\t\t\t<\/div>\n\t\t\t\t<\/div>\n\t\t\t\t<\/div>\n\t\t<div class=\"elementor-element elementor-element-bb8cb36 e-con-full kontakt-hero-right e-flex e-con e-child\" data-id=\"bb8cb36\" data-element_type=\"container\" data-e-type=\"container\">\n\t\t\t\t<div class=\"elementor-element elementor-element-92e9934 elementor-widget elementor-widget-text-editor\" data-id=\"92e9934\" data-element_type=\"widget\" data-e-type=\"widget\" data-widget_type=\"text-editor.default\">\n\t\t\t\t<div class=\"elementor-widget-container\">\n\t\t\t\t\t\t\t\t\t<p data-start=\"1124\" data-end=\"1157\"><strong data-start=\"1124\" data-end=\"1155\">Razgovor je uvijek po\u010detak.<\/strong><\/p><p data-start=\"1164\" data-end=\"1252\">Ako ima\u0161 pitanje, unutarnji nemir ili osje\u0107aj da je vrijeme za dublji pogled \u2013 tu sam.<\/p><p data-start=\"1259\" data-end=\"1366\">Astrologija ovdje nije obe\u0107anje ni senzacija.<br data-start=\"1304\" data-end=\"1307\" \/>Ona je alat za razumijevanje, jasno\u0107u i svjesne odluke.<\/p><p data-start=\"1373\" data-end=\"1489\">Mo\u017ee\u0161 mi se javiti zbog savjeta, natalne analize<br data-start=\"1421\" data-end=\"1424\" \/>ili jednostavno ako tra\u017ei\u0161 prostor u kojem \u0107e\u0161 biti saslu\u0161an.<\/p><p data-start=\"1496\" data-end=\"1572\"><strong data-start=\"1496\" data-end=\"1526\">Ne mora\u0161 znati \u0161to tra\u017ei\u0161.<\/strong><br data-start=\"1526\" data-end=\"1529\" \/>Dovoljno je da osjeti\u0161 da \u017eeli\u0161 razgovor.<\/p>\t\t\t\t\t\t\t\t<\/div>\n\t\t\t\t<\/div>\n\t\t\t\t<div class=\"elementor-element elementor-element-c252ccb dugme elementor-widget elementor-widget-button\" data-id=\"c252ccb\" data-element_type=\"widget\" data-e-type=\"widget\" data-widget_type=\"button.default\">\n\t\t\t\t<div class=\"elementor-widget-container\">\n\t\t\t\t\t\t\t\t\t<div class=\"elementor-button-wrapper\">\n\t\t\t\t\t<a class=\"elementor-button elementor-button-link elementor-size-sm\" href=\"#elementor-action%3Aaction%3Dpopup%3Aopen%26settings%3DeyJpZCI6IjEzODEyIiwidG9nZ2xlIjpmYWxzZX0%3D\">\n\t\t\t\t\t\t<span class=\"elementor-button-content-wrapper\">\n\t\t\t\t\t\t\t\t\t<span class=\"elementor-button-text\">Pi\u0161i mi<\/span>\n\t\t\t\t\t<\/span>\n\t\t\t\t\t<\/a>\n\t\t\t\t<\/div>\n\t\t\t\t\t\t\t\t<\/div>\n\t\t\t\t<\/div>\n\t\t\t\t<\/div>\n\t\t\t\t<\/div>\n\t\t\t\t\t<\/div>\n\t\t\t\t<\/div>\n\t\t<div class=\"elementor-element elementor-element-1c00470 kontakt-qr e-flex e-con-boxed e-con e-parent\" data-id=\"1c00470\" data-element_type=\"container\" data-e-type=\"container\">\n\t\t\t\t\t<div class=\"e-con-inner\">\n\t\t<div class=\"elementor-element elementor-element-501649f e-con-full kontakt-qr-inner e-flex e-con e-child\" data-id=\"501649f\" data-element_type=\"container\" data-e-type=\"container\">\n\t\t<div class=\"elementor-element elementor-element-5677626 e-con-full kontakt-qr-text e-flex e-con e-child\" data-id=\"5677626\" data-element_type=\"container\" data-e-type=\"container\">\n\t\t\t\t<div class=\"elementor-element elementor-element-383ce17 elementor-widget elementor-widget-heading\" data-id=\"383ce17\" data-element_type=\"widget\" data-e-type=\"widget\" data-widget_type=\"heading.default\">\n\t\t\t\t<div class=\"elementor-widget-container\">\n\t\t\t\t\t<h2 class=\"elementor-heading-title elementor-size-default\">Ostani povezan<\/h2>\t\t\t\t<\/div>\n\t\t\t\t<\/div>\n\t\t\t\t<div class=\"elementor-element elementor-element-5bc4394 elementor-widget elementor-widget-text-editor\" data-id=\"5bc4394\" data-element_type=\"widget\" data-e-type=\"widget\" data-widget_type=\"text-editor.default\">\n\t\t\t\t<div class=\"elementor-widget-container\">\n\t\t\t\t\t\t\t\t\t<p data-start=\"1263\" data-end=\"1362\">Ako \u017eeli\u0161 imati <strong data-start=\"1279\" data-end=\"1295\">Astro Viziju<\/strong> pri ruci,<br data-start=\"1305\" data-end=\"1308\" \/>skeniraj QR kod i spremi stranicu na svoj mobitel.<\/p><p data-start=\"1369\" data-end=\"1413\">Ponekad je dovoljno da zna\u0161 gdje se vratiti.<\/p>\t\t\t\t\t\t\t\t<\/div>\n\t\t\t\t<\/div>\n\t\t\t\t<\/div>\n\t\t<div class=\"elementor-element elementor-element-2da522d e-con-full kontakt-qr-code e-flex e-con e-child\" data-id=\"2da522d\" data-element_type=\"container\" data-e-type=\"container\">\n\t\t\t\t<div class=\"elementor-element elementor-element-f019d37 elementor-widget elementor-widget-html\" data-id=\"f019d37\" data-element_type=\"widget\" data-e-type=\"widget\" data-widget_type=\"html.default\">\n\t\t\t\t<div class=\"elementor-widget-container\">\n\t\t\t\t\t<div class=\"qr-magija\">\r\n  <h3>\ud83d\udcf2 Spremi ovu stranicu<\/h3>\r\n  <p>Skeniraj QR kod i imaj pristup Astro Viziji gdje god bio.<\/p>\r\n  <img decoding=\"async\" src=\"https:\/\/api.qrserver.com\/v1\/create-qr-code\/?size=160x160&data=https:\/\/astrovizija.com.hr\" alt=\"QR kod za Astro Viziju\">\r\n  <p class=\"qr-napomena\">\u2726 Otvori u mobilnom pregledniku<\/p>\r\n<\/div>\r\n\t\t\t\t<\/div>\n\t\t\t\t<\/div>\n\t\t\t\t<\/div>\n\t\t\t\t<\/div>\n\t\t\t\t\t<\/div>\n\t\t\t\t<\/div>\n\t\t\t\t<\/div>","protected":false},"excerpt":{"rendered":"<p>Ako osjeti\u0161 da je vrijeme \u2014 javi se Svaki odgovor po\u010dinje razgovorom.Pi\u0161i mi ako osje\u0107a\u0161 da je vrijeme za dublji uvid. Razgovor je uvijek po\u010detak. Ako ima\u0161 pitanje, unutarnji nemir ili osje\u0107aj da je vrijeme za dublji pogled \u2013 tu sam. Astrologija ovdje nije obe\u0107anje ni senzacija.Ona je alat za razumijevanje, jasno\u0107u i svjesne odluke. [&hellip;]<\/p>\n","protected":false},"author":1,"featured_media":0,"parent":0,"menu_order":0,"comment_status":"closed","ping_status":"closed","template":"","meta":{"_acf_changed":false,"_uag_custom_page_level_css":"","footnotes":""},"class_list":["post-16746","page","type-page","status-publish","hentry"],"acf":[],"uagb_featured_image_src":{"full":false,"thumbnail":false,"medium":false,"medium_large":false,"large":false,"1536x1536":false,"2048x2048":false,"trp-custom-language-flag":false,"tp-image-grid":false},"uagb_author_info":{"display_name":"Astro Vizija - Alen Milohani\u0107","author_link":"https:\/\/astrovizija.com.hr\/en\/author\/astro\/"},"uagb_comment_info":0,"uagb_excerpt":"Ako osjeti\u0161 da je vrijeme \u2014 javi se Svaki odgovor po\u010dinje razgovorom.Pi\u0161i mi ako osje\u0107a\u0161 da je vrijeme za dublji uvid. Razgovor je uvijek po\u010detak. Ako ima\u0161 pitanje, unutarnji nemir ili osje\u0107aj da je vrijeme za dublji pogled \u2013 tu sam. Astrologija ovdje nije obe\u0107anje ni senzacija.Ona je alat za razumijevanje, jasno\u0107u i svjesne odluke.&hellip;","_links":{"self":[{"href":"https:\/\/astrovizija.com.hr\/en\/wp-json\/wp\/v2\/pages\/16746","targetHints":{"allow":["GET"]}}],"collection":[{"href":"https:\/\/astrovizija.com.hr\/en\/wp-json\/wp\/v2\/pages"}],"about":[{"href":"https:\/\/astrovizija.com.hr\/en\/wp-json\/wp\/v2\/types\/page"}],"author":[{"embeddable":true,"href":"https:\/\/astrovizija.com.hr\/en\/wp-json\/wp\/v2\/users\/1"}],"replies":[{"embeddable":true,"href":"https:\/\/astrovizija.com.hr\/en\/wp-json\/wp\/v2\/comments?post=16746"}],"version-history":[{"count":93,"href":"https:\/\/astrovizija.com.hr\/en\/wp-json\/wp\/v2\/pages\/16746\/revisions"}],"predecessor-version":[{"id":16939,"href":"https:\/\/astrovizija.com.hr\/en\/wp-json\/wp\/v2\/pages\/16746\/revisions\/16939"}],"wp:attachment":[{"href":"https:\/\/astrovizija.com.hr\/en\/wp-json\/wp\/v2\/media?parent=16746"}],"curies":[{"name":"wp","href":"https:\/\/api.w.org\/{rel}","templated":true}]}}