{"id":4768,"date":"2024-08-16T22:19:45","date_gmt":"2024-08-16T20:19:45","guid":{"rendered":"https:\/\/astrovizija.com.hr\/?page_id=4768"},"modified":"2024-08-18T13:51:23","modified_gmt":"2024-08-18T11:51:23","slug":"gdpr","status":"publish","type":"page","link":"https:\/\/astrovizija.com.hr\/en\/gdpr\/","title":{"rendered":"GDPR"},"content":{"rendered":"<div data-elementor-type=\"wp-page\" data-elementor-id=\"4768\" class=\"elementor elementor-4768\" data-elementor-post-type=\"page\">\n\t\t\t\t<div class=\"elementor-element elementor-element-1e32bfca e-flex e-con-boxed e-con e-parent\" data-id=\"1e32bfca\" data-element_type=\"container\" data-e-type=\"container\" data-settings=\"{&quot;background_background&quot;:&quot;classic&quot;}\">\n\t\t\t\t\t<div class=\"e-con-inner\">\n\t\t\t\t<div class=\"elementor-element elementor-element-6e4966b8 animated-slow elementor-invisible elementor-widget elementor-widget-heading\" data-id=\"6e4966b8\" data-element_type=\"widget\" data-e-type=\"widget\" data-settings=\"{&quot;_animation&quot;:&quot;slideInUp&quot;}\" data-widget_type=\"heading.default\">\n\t\t\t\t<div class=\"elementor-widget-container\">\n\t\t\t\t\t<h2 class=\"elementor-heading-title elementor-size-default\">Astro  - Vizija <br>\nGrof Alen Milohani\u0107<\/h2>\t\t\t\t<\/div>\n\t\t\t\t<\/div>\n\t\t\t\t<div class=\"elementor-element elementor-element-482c6809 animated-slow elementor-invisible elementor-widget elementor-widget-heading\" data-id=\"482c6809\" data-element_type=\"widget\" data-e-type=\"widget\" data-settings=\"{&quot;_animation&quot;:&quot;zoomIn&quot;}\" data-widget_type=\"heading.default\">\n\t\t\t\t<div class=\"elementor-widget-container\">\n\t\t\t\t\t<h2 class=\"elementor-heading-title elementor-size-default\">GDPR - Op\u0107a uredba o za\u0161titi podataka<\/h2>\t\t\t\t<\/div>\n\t\t\t\t<\/div>\n\t\t\t\t<div class=\"elementor-element elementor-element-5dba4bed elementor-hidden-mobile elementor-widget elementor-widget-spacer\" data-id=\"5dba4bed\" data-element_type=\"widget\" data-e-type=\"widget\" data-widget_type=\"spacer.default\">\n\t\t\t\t<div class=\"elementor-widget-container\">\n\t\t\t\t\t\t\t<div class=\"elementor-spacer\">\n\t\t\t<div class=\"elementor-spacer-inner\"><\/div>\n\t\t<\/div>\n\t\t\t\t\t\t<\/div>\n\t\t\t\t<\/div>\n\t\t\t\t<div class=\"elementor-element elementor-element-53c97e9 elementor-widget__width-initial elementor-widget elementor-widget-text-editor\" data-id=\"53c97e9\" data-element_type=\"widget\" data-e-type=\"widget\" data-widget_type=\"text-editor.default\">\n\t\t\t\t<div class=\"elementor-widget-container\">\n\t\t\t\t\t\t\t\t\t<p>Ova stranica obja\u0161njava kako Astro Vizija prikuplja, koristi i \u0161titi Va\u0161e osobne podatke u skladu s europskim zakonodavstvom. Va\u0161a privatnost nam je va\u017ena, i ovdje mo\u017eete saznati vi\u0161e o Va\u0161im pravima i na\u0161im obvezama prema GDPR-u.<\/p>\t\t\t\t\t\t\t\t<\/div>\n\t\t\t\t<\/div>\n\t\t\t\t<div class=\"elementor-element elementor-element-4dab287c elementor-widget elementor-widget-image\" data-id=\"4dab287c\" data-element_type=\"widget\" data-e-type=\"widget\" data-widget_type=\"image.default\">\n\t\t\t\t<div class=\"elementor-widget-container\">\n\t\t\t\t\t\t\t\t\t\t\t\t\t\t\t<img fetchpriority=\"high\" decoding=\"async\" width=\"361\" height=\"361\" src=\"https:\/\/astrovizija.com.hr\/wp-content\/uploads\/2024\/06\/okiona-icon-paper-light.png\" class=\"attachment-large size-large wp-image-156\" alt=\"\" srcset=\"https:\/\/astrovizija.com.hr\/wp-content\/uploads\/2024\/06\/okiona-icon-paper-light.png 361w, https:\/\/astrovizija.com.hr\/wp-content\/uploads\/2024\/06\/okiona-icon-paper-light-300x300.png 300w, https:\/\/astrovizija.com.hr\/wp-content\/uploads\/2024\/06\/okiona-icon-paper-light-150x150.png 150w\" sizes=\"(max-width: 361px) 100vw, 361px\" \/>\t\t\t\t\t\t\t\t\t\t\t\t\t\t\t<\/div>\n\t\t\t\t<\/div>\n\t\t\t\t\t<\/div>\n\t\t\t\t<\/div>\n\t\t<div class=\"elementor-element elementor-element-48125e89 e-flex e-con-boxed e-con e-parent\" data-id=\"48125e89\" data-element_type=\"container\" data-e-type=\"container\" data-settings=\"{&quot;background_background&quot;:&quot;classic&quot;}\">\n\t\t\t\t\t<div class=\"e-con-inner\">\n\t\t<div class=\"elementor-element elementor-element-113b9343 e-con-full e-flex e-con e-child\" data-id=\"113b9343\" data-element_type=\"container\" data-e-type=\"container\">\n\t\t\t\t<div class=\"elementor-element elementor-element-cd5a161 elementor-widget elementor-widget-image\" data-id=\"cd5a161\" data-element_type=\"widget\" data-e-type=\"widget\" data-widget_type=\"image.default\">\n\t\t\t\t<div class=\"elementor-widget-container\">\n\t\t\t\t\t\t\t\t\t\t\t\t\t\t\t<img decoding=\"async\" width=\"800\" height=\"800\" src=\"https:\/\/astrovizija.com.hr\/wp-content\/uploads\/2024\/08\/GDPR.webp\" class=\"attachment-large size-large wp-image-4913\" alt=\"\" srcset=\"https:\/\/astrovizija.com.hr\/wp-content\/uploads\/2024\/08\/GDPR.webp 1024w, https:\/\/astrovizija.com.hr\/wp-content\/uploads\/2024\/08\/GDPR-300x300.webp 300w, https:\/\/astrovizija.com.hr\/wp-content\/uploads\/2024\/08\/GDPR-150x150.webp 150w, https:\/\/astrovizija.com.hr\/wp-content\/uploads\/2024\/08\/GDPR-768x768.webp 768w, https:\/\/astrovizija.com.hr\/wp-content\/uploads\/2024\/08\/GDPR-700x700.webp 700w\" sizes=\"(max-width: 800px) 100vw, 800px\" \/>\t\t\t\t\t\t\t\t\t\t\t\t\t\t\t<\/div>\n\t\t\t\t<\/div>\n\t\t\t\t<\/div>\n\t\t<div class=\"elementor-element elementor-element-7818871a e-con-full e-flex e-con e-child\" data-id=\"7818871a\" data-element_type=\"container\" data-e-type=\"container\">\n\t\t\t\t<div class=\"elementor-element elementor-element-2c2208c3 elementor-widget__width-initial elementor-mobile-align-start elementor-widget-mobile__width-initial elementor-align-start elementor-icon-list--layout-traditional elementor-list-item-link-full_width elementor-widget elementor-widget-icon-list\" data-id=\"2c2208c3\" data-element_type=\"widget\" data-e-type=\"widget\" data-widget_type=\"icon-list.default\">\n\t\t\t\t<div class=\"elementor-widget-container\">\n\t\t\t\t\t\t\t<ul class=\"elementor-icon-list-items\">\n\t\t\t\t\t\t\t<li class=\"elementor-icon-list-item\">\n\t\t\t\t\t\t\t\t\t\t\t<span class=\"elementor-icon-list-icon\">\n\t\t\t\t\t\t\t<svg aria-hidden=\"true\" class=\"e-font-icon-svg e-fas-angle-double-right\" viewbox=\"0 0 448 512\" xmlns=\"http:\/\/www.w3.org\/2000\/svg\"><path d=\"M224.3 273l-136 136c-9.4 9.4-24.6 9.4-33.9 0l-22.6-22.6c-9.4-9.4-9.4-24.6 0-33.9l96.4-96.4-96.4-96.4c-9.4-9.4-9.4-24.6 0-33.9L54.3 103c9.4-9.4 24.6-9.4 33.9 0l136 136c9.5 9.4 9.5 24.6.1 34zm192-34l-136-136c-9.4-9.4-24.6-9.4-33.9 0l-22.6 22.6c-9.4 9.4-9.4 24.6 0 33.9l96.4 96.4-96.4 96.4c-9.4 9.4-9.4 24.6 0 33.9l22.6 22.6c9.4 9.4 24.6 9.4 33.9 0l136-136c9.4-9.2 9.4-24.4 0-33.8z\"><\/path><\/svg>\t\t\t\t\t\t<\/span>\n\t\t\t\t\t\t\t\t\t\t<span class=\"elementor-icon-list-text\">Uvod<\/span>\n\t\t\t\t\t\t\t\t\t<\/li>\n\t\t\t\t\t\t\t\t<li class=\"elementor-icon-list-item\">\n\t\t\t\t\t\t\t\t\t\t\t<span class=\"elementor-icon-list-icon\">\n\t\t\t\t\t\t\t<svg aria-hidden=\"true\" class=\"e-font-icon-svg e-fas-angle-double-right\" viewbox=\"0 0 448 512\" xmlns=\"http:\/\/www.w3.org\/2000\/svg\"><path d=\"M224.3 273l-136 136c-9.4 9.4-24.6 9.4-33.9 0l-22.6-22.6c-9.4-9.4-9.4-24.6 0-33.9l96.4-96.4-96.4-96.4c-9.4-9.4-9.4-24.6 0-33.9L54.3 103c9.4-9.4 24.6-9.4 33.9 0l136 136c9.5 9.4 9.5 24.6.1 34zm192-34l-136-136c-9.4-9.4-24.6-9.4-33.9 0l-22.6 22.6c-9.4 9.4-9.4 24.6 0 33.9l96.4 96.4-96.4 96.4c-9.4 9.4-9.4 24.6 0 33.9l22.6 22.6c9.4 9.4 24.6 9.4 33.9 0l136-136c9.4-9.2 9.4-24.4 0-33.8z\"><\/path><\/svg>\t\t\t\t\t\t<\/span>\n\t\t\t\t\t\t\t\t\t\t<span class=\"elementor-icon-list-text\">Koje podatke prikupljamo<\/span>\n\t\t\t\t\t\t\t\t\t<\/li>\n\t\t\t\t\t\t\t\t<li class=\"elementor-icon-list-item\">\n\t\t\t\t\t\t\t\t\t\t\t<span class=\"elementor-icon-list-icon\">\n\t\t\t\t\t\t\t<svg aria-hidden=\"true\" class=\"e-font-icon-svg e-fas-angle-double-right\" viewbox=\"0 0 448 512\" xmlns=\"http:\/\/www.w3.org\/2000\/svg\"><path d=\"M224.3 273l-136 136c-9.4 9.4-24.6 9.4-33.9 0l-22.6-22.6c-9.4-9.4-9.4-24.6 0-33.9l96.4-96.4-96.4-96.4c-9.4-9.4-9.4-24.6 0-33.9L54.3 103c9.4-9.4 24.6-9.4 33.9 0l136 136c9.5 9.4 9.5 24.6.1 34zm192-34l-136-136c-9.4-9.4-24.6-9.4-33.9 0l-22.6 22.6c-9.4 9.4-9.4 24.6 0 33.9l96.4 96.4-96.4 96.4c-9.4 9.4-9.4 24.6 0 33.9l22.6 22.6c9.4 9.4 24.6 9.4 33.9 0l136-136c9.4-9.2 9.4-24.4 0-33.8z\"><\/path><\/svg>\t\t\t\t\t\t<\/span>\n\t\t\t\t\t\t\t\t\t\t<span class=\"elementor-icon-list-text\">Kako koristimo Va\u0161e podatke<\/span>\n\t\t\t\t\t\t\t\t\t<\/li>\n\t\t\t\t\t\t\t\t<li class=\"elementor-icon-list-item\">\n\t\t\t\t\t\t\t\t\t\t\t<span class=\"elementor-icon-list-icon\">\n\t\t\t\t\t\t\t<svg aria-hidden=\"true\" class=\"e-font-icon-svg e-fas-angle-double-right\" viewbox=\"0 0 448 512\" xmlns=\"http:\/\/www.w3.org\/2000\/svg\"><path d=\"M224.3 273l-136 136c-9.4 9.4-24.6 9.4-33.9 0l-22.6-22.6c-9.4-9.4-9.4-24.6 0-33.9l96.4-96.4-96.4-96.4c-9.4-9.4-9.4-24.6 0-33.9L54.3 103c9.4-9.4 24.6-9.4 33.9 0l136 136c9.5 9.4 9.5 24.6.1 34zm192-34l-136-136c-9.4-9.4-24.6-9.4-33.9 0l-22.6 22.6c-9.4 9.4-9.4 24.6 0 33.9l96.4 96.4-96.4 96.4c-9.4 9.4-9.4 24.6 0 33.9l22.6 22.6c9.4 9.4 24.6 9.4 33.9 0l136-136c9.4-9.2 9.4-24.4 0-33.8z\"><\/path><\/svg>\t\t\t\t\t\t<\/span>\n\t\t\t\t\t\t\t\t\t\t<span class=\"elementor-icon-list-text\">Dijeljenje podataka<\/span>\n\t\t\t\t\t\t\t\t\t<\/li>\n\t\t\t\t\t\t\t\t<li class=\"elementor-icon-list-item\">\n\t\t\t\t\t\t\t\t\t\t\t<span class=\"elementor-icon-list-icon\">\n\t\t\t\t\t\t\t<svg aria-hidden=\"true\" class=\"e-font-icon-svg e-fas-angle-double-right\" viewbox=\"0 0 448 512\" xmlns=\"http:\/\/www.w3.org\/2000\/svg\"><path d=\"M224.3 273l-136 136c-9.4 9.4-24.6 9.4-33.9 0l-22.6-22.6c-9.4-9.4-9.4-24.6 0-33.9l96.4-96.4-96.4-96.4c-9.4-9.4-9.4-24.6 0-33.9L54.3 103c9.4-9.4 24.6-9.4 33.9 0l136 136c9.5 9.4 9.5 24.6.1 34zm192-34l-136-136c-9.4-9.4-24.6-9.4-33.9 0l-22.6 22.6c-9.4 9.4-9.4 24.6 0 33.9l96.4 96.4-96.4 96.4c-9.4 9.4-9.4 24.6 0 33.9l22.6 22.6c9.4 9.4 24.6 9.4 33.9 0l136-136c9.4-9.2 9.4-24.4 0-33.8z\"><\/path><\/svg>\t\t\t\t\t\t<\/span>\n\t\t\t\t\t\t\t\t\t\t<span class=\"elementor-icon-list-text\">Sigurnost podataka<\/span>\n\t\t\t\t\t\t\t\t\t<\/li>\n\t\t\t\t\t\t\t\t<li class=\"elementor-icon-list-item\">\n\t\t\t\t\t\t\t\t\t\t\t<span class=\"elementor-icon-list-icon\">\n\t\t\t\t\t\t\t<svg aria-hidden=\"true\" class=\"e-font-icon-svg e-fas-angle-double-right\" viewbox=\"0 0 448 512\" xmlns=\"http:\/\/www.w3.org\/2000\/svg\"><path d=\"M224.3 273l-136 136c-9.4 9.4-24.6 9.4-33.9 0l-22.6-22.6c-9.4-9.4-9.4-24.6 0-33.9l96.4-96.4-96.4-96.4c-9.4-9.4-9.4-24.6 0-33.9L54.3 103c9.4-9.4 24.6-9.4 33.9 0l136 136c9.5 9.4 9.5 24.6.1 34zm192-34l-136-136c-9.4-9.4-24.6-9.4-33.9 0l-22.6 22.6c-9.4 9.4-9.4 24.6 0 33.9l96.4 96.4-96.4 96.4c-9.4 9.4-9.4 24.6 0 33.9l22.6 22.6c9.4 9.4 24.6 9.4 33.9 0l136-136c9.4-9.2 9.4-24.4 0-33.8z\"><\/path><\/svg>\t\t\t\t\t\t<\/span>\n\t\t\t\t\t\t\t\t\t\t<span class=\"elementor-icon-list-text\">Va\u0161a prava<\/span>\n\t\t\t\t\t\t\t\t\t<\/li>\n\t\t\t\t\t\t\t\t<li class=\"elementor-icon-list-item\">\n\t\t\t\t\t\t\t\t\t\t\t<span class=\"elementor-icon-list-icon\">\n\t\t\t\t\t\t\t<svg aria-hidden=\"true\" class=\"e-font-icon-svg e-fas-angle-double-right\" viewbox=\"0 0 448 512\" xmlns=\"http:\/\/www.w3.org\/2000\/svg\"><path d=\"M224.3 273l-136 136c-9.4 9.4-24.6 9.4-33.9 0l-22.6-22.6c-9.4-9.4-9.4-24.6 0-33.9l96.4-96.4-96.4-96.4c-9.4-9.4-9.4-24.6 0-33.9L54.3 103c9.4-9.4 24.6-9.4 33.9 0l136 136c9.5 9.4 9.5 24.6.1 34zm192-34l-136-136c-9.4-9.4-24.6-9.4-33.9 0l-22.6 22.6c-9.4 9.4-9.4 24.6 0 33.9l96.4 96.4-96.4 96.4c-9.4 9.4-9.4 24.6 0 33.9l22.6 22.6c9.4 9.4 24.6 9.4 33.9 0l136-136c9.4-9.2 9.4-24.4 0-33.8z\"><\/path><\/svg>\t\t\t\t\t\t<\/span>\n\t\t\t\t\t\t\t\t\t\t<span class=\"elementor-icon-list-text\">Kola\u010di\u0107i<\/span>\n\t\t\t\t\t\t\t\t\t<\/li>\n\t\t\t\t\t\t\t\t<li class=\"elementor-icon-list-item\">\n\t\t\t\t\t\t\t\t\t\t\t<span class=\"elementor-icon-list-icon\">\n\t\t\t\t\t\t\t<svg aria-hidden=\"true\" class=\"e-font-icon-svg e-fas-angle-double-right\" viewbox=\"0 0 448 512\" xmlns=\"http:\/\/www.w3.org\/2000\/svg\"><path d=\"M224.3 273l-136 136c-9.4 9.4-24.6 9.4-33.9 0l-22.6-22.6c-9.4-9.4-9.4-24.6 0-33.9l96.4-96.4-96.4-96.4c-9.4-9.4-9.4-24.6 0-33.9L54.3 103c9.4-9.4 24.6-9.4 33.9 0l136 136c9.5 9.4 9.5 24.6.1 34zm192-34l-136-136c-9.4-9.4-24.6-9.4-33.9 0l-22.6 22.6c-9.4 9.4-9.4 24.6 0 33.9l96.4 96.4-96.4 96.4c-9.4 9.4-9.4 24.6 0 33.9l22.6 22.6c9.4 9.4 24.6 9.4 33.9 0l136-136c9.4-9.2 9.4-24.4 0-33.8z\"><\/path><\/svg>\t\t\t\t\t\t<\/span>\n\t\t\t\t\t\t\t\t\t\t<span class=\"elementor-icon-list-text\">Promijene u GDPR politici<\/span>\n\t\t\t\t\t\t\t\t\t<\/li>\n\t\t\t\t\t\t\t\t<li class=\"elementor-icon-list-item\">\n\t\t\t\t\t\t\t\t\t\t\t<span class=\"elementor-icon-list-icon\">\n\t\t\t\t\t\t\t<svg aria-hidden=\"true\" class=\"e-font-icon-svg e-fas-angle-double-right\" viewbox=\"0 0 448 512\" xmlns=\"http:\/\/www.w3.org\/2000\/svg\"><path d=\"M224.3 273l-136 136c-9.4 9.4-24.6 9.4-33.9 0l-22.6-22.6c-9.4-9.4-9.4-24.6 0-33.9l96.4-96.4-96.4-96.4c-9.4-9.4-9.4-24.6 0-33.9L54.3 103c9.4-9.4 24.6-9.4 33.9 0l136 136c9.5 9.4 9.5 24.6.1 34zm192-34l-136-136c-9.4-9.4-24.6-9.4-33.9 0l-22.6 22.6c-9.4 9.4-9.4 24.6 0 33.9l96.4 96.4-96.4 96.4c-9.4 9.4-9.4 24.6 0 33.9l22.6 22.6c9.4 9.4 24.6 9.4 33.9 0l136-136c9.4-9.2 9.4-24.4 0-33.8z\"><\/path><\/svg>\t\t\t\t\t\t<\/span>\n\t\t\t\t\t\t\t\t\t\t<span class=\"elementor-icon-list-text\">Kontaktirajte nas<\/span>\n\t\t\t\t\t\t\t\t\t<\/li>\n\t\t\t\t\t\t<\/ul>\n\t\t\t\t\t\t<\/div>\n\t\t\t\t<\/div>\n\t\t\t\t<\/div>\n\t\t\t\t\t<\/div>\n\t\t\t\t<\/div>\n\t\t<div class=\"elementor-element elementor-element-5cbd930a e-flex e-con-boxed e-con e-parent\" data-id=\"5cbd930a\" data-element_type=\"container\" data-e-type=\"container\" data-settings=\"{&quot;background_background&quot;:&quot;classic&quot;}\">\n\t\t\t\t\t<div class=\"e-con-inner\">\n\t\t\t\t<div class=\"elementor-element elementor-element-7610a89e elementor-widget elementor-widget-heading\" data-id=\"7610a89e\" data-element_type=\"widget\" data-e-type=\"widget\" data-widget_type=\"heading.default\">\n\t\t\t\t<div class=\"elementor-widget-container\">\n\t\t\t\t\t<h2 class=\"elementor-heading-title elementor-size-default\">1. Uvod<\/h2>\t\t\t\t<\/div>\n\t\t\t\t<\/div>\n\t\t\t\t<div class=\"elementor-element elementor-element-7a63e1e5 elementor-widget elementor-widget-text-editor\" data-id=\"7a63e1e5\" data-element_type=\"widget\" data-e-type=\"widget\" data-widget_type=\"text-editor.default\">\n\t\t\t\t<div class=\"elementor-widget-container\">\n\t\t\t\t\t\t\t\t\t<p>Astro Vizija se obvezuje na za\u0161titu Va\u0161ih osobnih podataka i po\u0161tivanje Va\u0161e privatnosti. Ova politika za\u0161tite podataka obja\u0161njava kako prikupljamo, koristimo i \u010duvamo Va\u0161e osobne podatke u skladu s Op\u0107om uredbom o za\u0161titi podataka (GDPR).<\/p>\t\t\t\t\t\t\t\t<\/div>\n\t\t\t\t<\/div>\n\t\t\t\t<div class=\"elementor-element elementor-element-561c9499 elementor-widget elementor-widget-heading\" data-id=\"561c9499\" data-element_type=\"widget\" data-e-type=\"widget\" data-widget_type=\"heading.default\">\n\t\t\t\t<div class=\"elementor-widget-container\">\n\t\t\t\t\t<h2 class=\"elementor-heading-title elementor-size-default\">2. Koje podatke prikupljamo<\/h2>\t\t\t\t<\/div>\n\t\t\t\t<\/div>\n\t\t\t\t<div class=\"elementor-element elementor-element-6c4f37ff elementor-widget elementor-widget-text-editor\" data-id=\"6c4f37ff\" data-element_type=\"widget\" data-e-type=\"widget\" data-widget_type=\"text-editor.default\">\n\t\t\t\t<div class=\"elementor-widget-container\">\n\t\t\t\t\t\t\t\t\t<p>Prikupljamo razli\u010dite vrste osobnih podataka o Vama, uklju\u010duju\u0107i:<\/p><ul><li><strong>Kontakt podaci:<\/strong> Ime, prezime, e-mail adresa, telefonski broj, koje nam pru\u017eate prilikom prijave na newsletter ili ispunjavanja kontakt forme.<\/li><li><strong>Tehni\u010dki podaci:<\/strong> IP adresa, podaci o ure\u0111aju, vrsta preglednika, vrijeme pristupa i stranice koje posje\u0107ujete.<\/li><li><strong>Podaci o kori\u0161tenju:<\/strong> Informacije o tome kako koristite na\u0161u web stranicu, uklju\u010duju\u0107i podatke o Va\u0161im interakcijama s na\u0161im sadr\u017eajem.<\/li><\/ul>\t\t\t\t\t\t\t\t<\/div>\n\t\t\t\t<\/div>\n\t\t\t\t<div class=\"elementor-element elementor-element-72c5a348 elementor-widget elementor-widget-heading\" data-id=\"72c5a348\" data-element_type=\"widget\" data-e-type=\"widget\" data-widget_type=\"heading.default\">\n\t\t\t\t<div class=\"elementor-widget-container\">\n\t\t\t\t\t<h2 class=\"elementor-heading-title elementor-size-default\">3. Kako koristimo va\u0161e podatke<\/h2>\t\t\t\t<\/div>\n\t\t\t\t<\/div>\n\t\t\t\t<div class=\"elementor-element elementor-element-2f79337 elementor-widget elementor-widget-text-editor\" data-id=\"2f79337\" data-element_type=\"widget\" data-e-type=\"widget\" data-widget_type=\"text-editor.default\">\n\t\t\t\t<div class=\"elementor-widget-container\">\n\t\t\t\t\t\t\t\t\t<p>Va\u0161e osobne podatke koristimo isklju\u010divo u svrhe za koje su prikupljeni, uklju\u010duju\u0107i:<\/p><ul><li><strong>Komunikacija s Vama:<\/strong> Da bismo Vam slali obavijesti, newslettere i odgovarali na Va\u0161e upite.<\/li><li><strong>Unapre\u0111enje na\u0161ih usluga:<\/strong> Da bismo analizirali Va\u0161e pona\u0161anje i pobolj\u0161ali funkcionalnost i sadr\u017eaj na\u0161e web stranice.<\/li><li><strong>Pravna uskla\u0111enost:<\/strong> Da bismo ispunili na\u0161e zakonske obveze u skladu s va\u017ee\u0107im zakonodavstvom.<\/li><\/ul>\t\t\t\t\t\t\t\t<\/div>\n\t\t\t\t<\/div>\n\t\t\t\t<div class=\"elementor-element elementor-element-3091a1f6 elementor-widget elementor-widget-heading\" data-id=\"3091a1f6\" data-element_type=\"widget\" data-e-type=\"widget\" data-widget_type=\"heading.default\">\n\t\t\t\t<div class=\"elementor-widget-container\">\n\t\t\t\t\t<h2 class=\"elementor-heading-title elementor-size-default\">4. Dijeljenje podataka<\/h2>\t\t\t\t<\/div>\n\t\t\t\t<\/div>\n\t\t\t\t<div class=\"elementor-element elementor-element-28765d7 elementor-widget elementor-widget-text-editor\" data-id=\"28765d7\" data-element_type=\"widget\" data-e-type=\"widget\" data-widget_type=\"text-editor.default\">\n\t\t\t\t<div class=\"elementor-widget-container\">\n\t\t\t\t\t\t\t\t\t<p>Va\u0161i osobni podaci ne\u0107e biti dijeljeni s tre\u0107im stranama, osim ako je to potrebno za pru\u017eanje usluga (npr. pru\u017eatelji IT usluga) ili ako je to zahtijevano zakonom. Uvijek \u0107emo Vas obavijestiti o tome tko \u0107e imati pristup Va\u0161im podacima i za\u0161to.<\/p>\t\t\t\t\t\t\t\t<\/div>\n\t\t\t\t<\/div>\n\t\t\t\t<div class=\"elementor-element elementor-element-4a94dcb6 elementor-widget elementor-widget-heading\" data-id=\"4a94dcb6\" data-element_type=\"widget\" data-e-type=\"widget\" data-widget_type=\"heading.default\">\n\t\t\t\t<div class=\"elementor-widget-container\">\n\t\t\t\t\t<h2 class=\"elementor-heading-title elementor-size-default\">5. Sigurnost podataka<\/h2>\t\t\t\t<\/div>\n\t\t\t\t<\/div>\n\t\t\t\t<div class=\"elementor-element elementor-element-1bfe853d elementor-widget elementor-widget-text-editor\" data-id=\"1bfe853d\" data-element_type=\"widget\" data-e-type=\"widget\" data-widget_type=\"text-editor.default\">\n\t\t\t\t<div class=\"elementor-widget-container\">\n\t\t\t\t\t\t\t\t\t<p>Poduzimamo sve razumne mjere kako bismo osigurali da su Va\u0161i osobni podaci za\u0161ti\u0107eni od neovla\u0161tenog pristupa, izmjene, objave ili uni\u0161tenja. Koristimo sigurnosne protokole, enkripciju i redovite revizije sigurnosnih postupaka kako bismo osigurali maksimalnu za\u0161titu podataka.<\/p>\t\t\t\t\t\t\t\t<\/div>\n\t\t\t\t<\/div>\n\t\t\t\t<div class=\"elementor-element elementor-element-6b8752b4 elementor-widget elementor-widget-heading\" data-id=\"6b8752b4\" data-element_type=\"widget\" data-e-type=\"widget\" data-widget_type=\"heading.default\">\n\t\t\t\t<div class=\"elementor-widget-container\">\n\t\t\t\t\t<h2 class=\"elementor-heading-title elementor-size-default\">6. Va\u0161a prava<\/h2>\t\t\t\t<\/div>\n\t\t\t\t<\/div>\n\t\t\t\t<div class=\"elementor-element elementor-element-104a4ddc elementor-widget elementor-widget-text-editor\" data-id=\"104a4ddc\" data-element_type=\"widget\" data-e-type=\"widget\" data-widget_type=\"text-editor.default\">\n\t\t\t\t<div class=\"elementor-widget-container\">\n\t\t\t\t\t\t\t\t\t<p>Prema GDPR-u, imate pravo na:<\/p><ul><li><strong>Pristup Va\u0161im podacima:<\/strong> Mo\u017eete zatra\u017eiti kopiju osobnih podataka koje imamo o Vama.<\/li><li><strong>Ispravak podataka:<\/strong> Mo\u017eete zatra\u017eiti ispravak neto\u010dnih ili nepotpunih podataka.<\/li><li><strong>Brisanje podataka:<\/strong> Mo\u017eete zatra\u017eiti brisanje Va\u0161ih podataka pod odre\u0111enim uvjetima.<\/li><li><strong>Ograni\u010denje obrade:<\/strong> Mo\u017eete zatra\u017eiti da ograni\u010dimo obradu Va\u0161ih podataka u odre\u0111enim situacijama.<\/li><li><strong>Prijenos podataka:<\/strong> Mo\u017eete zatra\u017eiti prijenos Va\u0161ih podataka drugom pru\u017eatelju usluga.<\/li><li><strong>Povla\u010denje privole:<\/strong> Ako se obrada podataka temelji na Va\u0161oj privoli, imate pravo povu\u0107i tu privolu u bilo kojem trenutku.<\/li><\/ul>\t\t\t\t\t\t\t\t<\/div>\n\t\t\t\t<\/div>\n\t\t\t\t<div class=\"elementor-element elementor-element-61e1a8d9 elementor-widget elementor-widget-heading\" data-id=\"61e1a8d9\" data-element_type=\"widget\" data-e-type=\"widget\" data-widget_type=\"heading.default\">\n\t\t\t\t<div class=\"elementor-widget-container\">\n\t\t\t\t\t<h2 class=\"elementor-heading-title elementor-size-default\">7. Kola\u010di\u0107i<\/h2>\t\t\t\t<\/div>\n\t\t\t\t<\/div>\n\t\t\t\t<div class=\"elementor-element elementor-element-f283718 elementor-widget elementor-widget-text-editor\" data-id=\"f283718\" data-element_type=\"widget\" data-e-type=\"widget\" data-widget_type=\"text-editor.default\">\n\t\t\t\t<div class=\"elementor-widget-container\">\n\t\t\t\t\t\t\t\t\t<p>Na\u0161a web stranica koristi kola\u010di\u0107e kako bi unaprijedila Va\u0161e korisni\u010dko iskustvo. Kola\u010di\u0107i su male tekstualne datoteke koje se pohranjuju na Va\u0161 ure\u0111aj. Vi\u0161e informacija o tome kako koristimo kola\u010di\u0107e i kako mo\u017eete upravljati Va\u0161im preferencijama mo\u017eete prona\u0107i u na\u0161oj Politici kola\u010di\u0107a.<\/p>\t\t\t\t\t\t\t\t<\/div>\n\t\t\t\t<\/div>\n\t\t\t\t<div class=\"elementor-element elementor-element-7acedd06 elementor-widget elementor-widget-heading\" data-id=\"7acedd06\" data-element_type=\"widget\" data-e-type=\"widget\" data-widget_type=\"heading.default\">\n\t\t\t\t<div class=\"elementor-widget-container\">\n\t\t\t\t\t<h2 class=\"elementor-heading-title elementor-size-default\">8.Promjene u GDPR politici<\/h2>\t\t\t\t<\/div>\n\t\t\t\t<\/div>\n\t\t\t\t<div class=\"elementor-element elementor-element-3989d946 elementor-widget elementor-widget-text-editor\" data-id=\"3989d946\" data-element_type=\"widget\" data-e-type=\"widget\" data-widget_type=\"text-editor.default\">\n\t\t\t\t<div class=\"elementor-widget-container\">\n\t\t\t\t\t\t\t\t\t<p>Zadr\u017eavamo pravo na izmjenu ove GDPR politike u bilo kojem trenutku. Sve izmjene bit \u0107e objavljene na ovoj stranici. Preporu\u010dujemo Vam da redovito provjeravate ovu stranicu kako biste bili upoznati s najnovijim pravilima.<\/p>\t\t\t\t\t\t\t\t<\/div>\n\t\t\t\t<\/div>\n\t\t\t\t<div class=\"elementor-element elementor-element-3f499041 elementor-widget elementor-widget-heading\" data-id=\"3f499041\" data-element_type=\"widget\" data-e-type=\"widget\" data-widget_type=\"heading.default\">\n\t\t\t\t<div class=\"elementor-widget-container\">\n\t\t\t\t\t<h2 class=\"elementor-heading-title elementor-size-default\">9.  Kontaktirajte nas<\/h2>\t\t\t\t<\/div>\n\t\t\t\t<\/div>\n\t\t\t\t<div class=\"elementor-element elementor-element-76c668e3 elementor-widget elementor-widget-text-editor\" data-id=\"76c668e3\" data-element_type=\"widget\" data-e-type=\"widget\" data-widget_type=\"text-editor.default\">\n\t\t\t\t<div class=\"elementor-widget-container\">\n\t\t\t\t\t\t\t\t\t<p>Ako imate bilo kakvih pitanja ili zahtjeva u vezi s ovom GDPR politikom, slobodno nas kontaktirajte na <a rel=\"noopener\">info@astrovizija.com<\/a>. Rado \u0107emo Vam pomo\u0107i i pru\u017eiti dodatne informacije.<\/p>\t\t\t\t\t\t\t\t<\/div>\n\t\t\t\t<\/div>\n\t\t\t\t\t<\/div>\n\t\t\t\t<\/div>\n\t\t\t\t<\/div>","protected":false},"excerpt":{"rendered":"<p>Astro &#8211; Vizija Grof Alen Milohani\u0107 GDPR &#8211; Op\u0107a uredba o za\u0161titi podataka Ova stranica obja\u0161njava kako Astro Vizija prikuplja, koristi i \u0161titi Va\u0161e osobne podatke u skladu s europskim zakonodavstvom. Va\u0161a privatnost nam je va\u017ena, i ovdje mo\u017eete saznati vi\u0161e o Va\u0161im pravima i na\u0161im obvezama prema GDPR-u. Uvod Koje podatke prikupljamo Kako koristimo [&hellip;]<\/p>\n","protected":false},"author":1,"featured_media":0,"parent":0,"menu_order":0,"comment_status":"closed","ping_status":"closed","template":"","meta":{"_acf_changed":false,"_uag_custom_page_level_css":"","footnotes":""},"class_list":["post-4768","page","type-page","status-publish","hentry"],"acf":[],"uagb_featured_image_src":{"full":false,"thumbnail":false,"medium":false,"medium_large":false,"large":false,"1536x1536":false,"2048x2048":false,"trp-custom-language-flag":false,"tp-image-grid":false},"uagb_author_info":{"display_name":"Astro Vizija - Alen Milohani\u0107","author_link":"https:\/\/astrovizija.com.hr\/en\/author\/astro\/"},"uagb_comment_info":0,"uagb_excerpt":"Astro &#8211; Vizija Grof Alen Milohani\u0107 GDPR &#8211; Op\u0107a uredba o za\u0161titi podataka Ova stranica obja\u0161njava kako Astro Vizija prikuplja, koristi i \u0161titi Va\u0161e osobne podatke u skladu s europskim zakonodavstvom. Va\u0161a privatnost nam je va\u017ena, i ovdje mo\u017eete saznati vi\u0161e o Va\u0161im pravima i na\u0161im obvezama prema GDPR-u. Uvod Koje podatke prikupljamo Kako koristimo&hellip;","_links":{"self":[{"href":"https:\/\/astrovizija.com.hr\/en\/wp-json\/wp\/v2\/pages\/4768","targetHints":{"allow":["GET"]}}],"collection":[{"href":"https:\/\/astrovizija.com.hr\/en\/wp-json\/wp\/v2\/pages"}],"about":[{"href":"https:\/\/astrovizija.com.hr\/en\/wp-json\/wp\/v2\/types\/page"}],"author":[{"embeddable":true,"href":"https:\/\/astrovizija.com.hr\/en\/wp-json\/wp\/v2\/users\/1"}],"replies":[{"embeddable":true,"href":"https:\/\/astrovizija.com.hr\/en\/wp-json\/wp\/v2\/comments?post=4768"}],"version-history":[{"count":19,"href":"https:\/\/astrovizija.com.hr\/en\/wp-json\/wp\/v2\/pages\/4768\/revisions"}],"predecessor-version":[{"id":4993,"href":"https:\/\/astrovizija.com.hr\/en\/wp-json\/wp\/v2\/pages\/4768\/revisions\/4993"}],"wp:attachment":[{"href":"https:\/\/astrovizija.com.hr\/en\/wp-json\/wp\/v2\/media?parent=4768"}],"curies":[{"name":"wp","href":"https:\/\/api.w.org\/{rel}","templated":true}]}}