{"id":48,"date":"2024-06-03T10:32:33","date_gmt":"2024-06-03T08:32:33","guid":{"rendered":"https:\/\/astrovizija.com.hr\/?page_id=48"},"modified":"2026-01-09T14:47:36","modified_gmt":"2026-01-09T13:47:36","slug":"o-nama","status":"publish","type":"page","link":"https:\/\/astrovizija.com.hr\/en\/o-nama\/","title":{"rendered":"O meni"},"content":{"rendered":"\t\t<div data-elementor-type=\"wp-page\" data-elementor-id=\"48\" class=\"elementor elementor-48\" data-elementor-post-type=\"page\">\n\t\t\t\t<div class=\"elementor-element elementor-element-a2230e2 hero-container e-flex e-con-boxed e-con e-parent\" data-id=\"a2230e2\" data-element_type=\"container\" data-e-type=\"container\" data-settings=\"{&quot;background_background&quot;:&quot;classic&quot;}\">\n\t\t\t\t\t<div class=\"e-con-inner\">\n\t\t<div class=\"elementor-element elementor-element-e7b3711 e-con-full e-flex e-con e-child\" data-id=\"e7b3711\" data-element_type=\"container\" data-e-type=\"container\">\n\t\t\t\t<div class=\"elementor-element elementor-element-fd48659 elementor-widget elementor-widget-html\" data-id=\"fd48659\" data-element_type=\"widget\" data-e-type=\"widget\" data-widget_type=\"html.default\">\n\t\t\t\t<div class=\"elementor-widget-container\">\n\t\t\t\t\t<h1 class=\"custom-header\">\r\n  Zvijezde koje su me dovele ovdje\r\n<\/h1>\r\n\r\n\t\t\t\t<\/div>\n\t\t\t\t<\/div>\n\t\t\t\t<div class=\"elementor-element elementor-element-2f805d9 elementor-widget elementor-widget-html\" data-id=\"2f805d9\" data-element_type=\"widget\" data-e-type=\"widget\" data-widget_type=\"html.default\">\n\t\t\t\t<div class=\"elementor-widget-container\">\n\t\t\t\t\t<div class=\"intro-section\">\r\n  <!-- Glavni tekst -->\r\n  <div class=\"intro-text\">\r\n    <p class=\"welcome\">Dobrodo\u0161li u svijet Astro Vizije!<\/p>\r\n    <p>\r\n      Ja sam <strong>Alen Milohani\u0107<\/strong>, astrolog, kreativac i zaljubljenik u kozmi\u010dke pri\u010de koje svemir svakodnevno pi\u0161e. Moja strast prema astrologiji rodila se iz znati\u017eelje za dubljim razumijevanjem sebe i svijeta oko mene.\r\n    <\/p>\r\n    <p>\r\n      Astrologija nije samo znanost o zvijezdama \u2013 ona je most izme\u0111u neba i zemlje, putovanje prema samospoznaji. To je pri\u010da koju \u017eelim podijeliti s vama.\r\n    <\/p>\r\n  <\/div>\r\n\r\n  <!-- Naslov za usluge -->\r\n  <h3 class=\"services-title\">\u0160to Astro \u2013 Vizija zapravo nudi:<\/h3>\r\n\r\n  <!-- Popis usluga -->\r\n  <div class=\"services-list\">\r\n    <ul>\r\n      <li>Duboko kopanje tvoje natalne karte<\/li>\r\n      <li>Edukacija za zaljubljenike u astrologiju<\/li>\r\n      <li>Inspirativna gostovanja i intervjui<\/li>\r\n      <li>Pra\u0107enje neba i astrolo\u0161kih fenomena<\/li>\r\n      <li>Inspirativni sadr\u017eaj za svakodnevni \u017eivot<\/li>\r\n    <\/ul>\r\n  <\/div>\r\n\r\n  <!-- Citat unutar bloka -->\r\n  <div class=\"quote-box\">\r\n    <p class=\"quote-text\">\"Astrologija nije predvi\u0111anje sudbine \u2013 to je osvjetljavanje tvojeg puta.\"<\/p>\r\n    <p class=\"quote-author\">Alen Milohani\u0107<\/p>\r\n  <\/div>\r\n<\/div>\r\n\t\t\t\t<\/div>\n\t\t\t\t<\/div>\n\t\t\t\t<\/div>\n\t\t\t\t<div class=\"elementor-element elementor-element-6f59615 widget-image elementor-widget elementor-widget-image\" data-id=\"6f59615\" data-element_type=\"widget\" data-e-type=\"widget\" data-widget_type=\"image.default\">\n\t\t\t\t<div class=\"elementor-widget-container\">\n\t\t\t\t\t\t\t\t\t\t\t\t\t\t\t<img fetchpriority=\"high\" decoding=\"async\" width=\"608\" height=\"1080\" src=\"https:\/\/astrovizija.com.hr\/wp-content\/uploads\/2025\/01\/astro-vizija-scaled.jpg\" class=\"attachment-full size-full wp-image-12008\" alt=\"\" srcset=\"https:\/\/astrovizija.com.hr\/wp-content\/uploads\/2025\/01\/astro-vizija-scaled.jpg 608w, https:\/\/astrovizija.com.hr\/wp-content\/uploads\/2025\/01\/astro-vizija-169x300.jpg 169w, https:\/\/astrovizija.com.hr\/wp-content\/uploads\/2025\/01\/astro-vizija-577x1024.jpg 577w, https:\/\/astrovizija.com.hr\/wp-content\/uploads\/2025\/01\/astro-vizija-768x1364.jpg 768w, https:\/\/astrovizija.com.hr\/wp-content\/uploads\/2025\/01\/astro-vizija-865x1536.jpg 865w, https:\/\/astrovizija.com.hr\/wp-content\/uploads\/2025\/01\/astro-vizija-1153x2048.jpg 1153w\" sizes=\"(max-width: 608px) 100vw, 608px\" \/>\t\t\t\t\t\t\t\t\t\t\t\t\t\t\t<\/div>\n\t\t\t\t<\/div>\n\t\t\t\t\t<\/div>\n\t\t\t\t<\/div>\n\t\t<div class=\"elementor-element elementor-element-f2c8f42 hero-container e-flex e-con-boxed e-con e-parent\" data-id=\"f2c8f42\" data-element_type=\"container\" data-e-type=\"container\">\n\t\t\t\t\t<div class=\"e-con-inner\">\n\t\t<div class=\"elementor-element elementor-element-0c18e69 e-con-full e-flex e-con e-child\" data-id=\"0c18e69\" data-element_type=\"container\" data-e-type=\"container\">\n\t\t\t\t<div class=\"elementor-element elementor-element-0e135e3 elementor-widget elementor-widget-html\" data-id=\"0e135e3\" data-element_type=\"widget\" data-e-type=\"widget\" data-widget_type=\"html.default\">\n\t\t\t\t<div class=\"elementor-widget-container\">\n\t\t\t\t\t<div class=\"hero-container\">\r\n  <!-- Naslov -->\r\n  <div class=\"header-container\">\r\n    <h1 class=\"custom-header\">Zvijezde koje su me dovele ovdje<\/h1>\r\n  <\/div>\r\n\r\n  <!-- Kontejner za sadr\u017eaj -->\r\n  <div class=\"content-container\">\r\n    <!-- Lijevi kontejner (Slika) -->\r\n    <div class=\"image-container\">\r\n      <img decoding=\"async\" src=\"https:\/\/astrovizija.com.hr\/wp-content\/uploads\/2025\/01\/astro-vizija-scaled.jpg\" alt=\"Astro Vizija\">\r\n    <\/div>\r\n\r\n    <!-- Desni kontejner (Tekst + Citat) -->\r\n    <div class=\"intro-section\">\r\n      <div class=\"intro-text\">\r\n        <p class=\"welcome\">Dobrodo\u0161li u svijet Astro Vizije!<\/p>\r\n       <p>\r\n      Ja sam <strong>Alen Milohani\u0107<\/strong>, astrolog, kreativac i zaljubljenik u kozmi\u010dke pri\u010de koje svemir svakodnevno pi\u0161e. Moja strast prema astrologiji rodila se iz znati\u017eelje za dubljim razumijevanjem sebe i svijeta oko mene.\r\n    <\/p>\r\n    <p>\r\n      Astrologija nije samo znanost o zvijezdama \u2013 ona je most izme\u0111u neba i zemlje, putovanje prema samospoznaji. To je pri\u010da koju \u017eelim podijeliti s vama.\r\n    <\/p>\r\n      <\/div>\r\n\r\n      <h3 class=\"services-title\">\u0160to Astro \u2013 Vizija zapravo nudi:<\/h3>\r\n      <div class=\"services-list\">\r\n        <ul>\r\n          <li>Duboko kopanje tvoje natalne karte<\/li>\r\n          <li>Edukacija za zaljubljenike u astrologiju<\/li>\r\n          <li>Inspirativna gostovanja i intervjui<\/li>\r\n          <li>Pra\u0107enje neba i astrolo\u0161kih fenomena<\/li>\r\n          <li>Inspirativni sadr\u017eaj za svakodnevni \u017eivot<\/li>\r\n        <\/ul>\r\n      <\/div>\r\n\r\n      <div class=\"quote-box\">\r\n        <p class=\"quote-text\">\"Astrologija nije predvi\u0111anje sudbine \u2013 to je osvjetljavanje tvojeg puta.\"<\/p>\r\n        <p class=\"quote-author\">Alen Milohani\u0107<\/p>\r\n      <\/div>\r\n    <\/div>\r\n  <\/div>\r\n<\/div>\r\n\t\t\t\t<\/div>\n\t\t\t\t<\/div>\n\t\t\t\t<\/div>\n\t\t<div class=\"elementor-element elementor-element-8636779 e-con-full cosmic-container e-flex e-con e-child\" data-id=\"8636779\" data-element_type=\"container\" data-e-type=\"container\">\n\t\t\t\t<div class=\"elementor-element elementor-element-ae74673 elementor-widget elementor-widget-html\" data-id=\"ae74673\" data-element_type=\"widget\" data-e-type=\"widget\" data-widget_type=\"html.default\">\n\t\t\t\t<div class=\"elementor-widget-container\">\n\t\t\t\t\t<div class=\"cosmic-portal\"><\/div>\r\n\r\n<script>\r\ndocument.addEventListener(\"DOMContentLoaded\", function () {\r\n    const portal = document.querySelector('.cosmic-portal');\r\n    const symbols = [\r\n        \"https:\/\/astrovizija.com.hr\/wp-content\/uploads\/2025\/02\/taurus.png\",\r\n        \"https:\/\/astrovizija.com.hr\/wp-content\/uploads\/2025\/02\/virgo.png\",\r\n        \"https:\/\/astrovizija.com.hr\/wp-content\/uploads\/2025\/02\/scorpio.png\",\r\n        \"https:\/\/astrovizija.com.hr\/wp-content\/uploads\/2025\/02\/sagittarius.png\",\r\n        \"https:\/\/astrovizija.com.hr\/wp-content\/uploads\/2025\/02\/planet1.png\",\r\n        \"https:\/\/astrovizija.com.hr\/wp-content\/uploads\/2025\/02\/moon.png\",\r\n        \"https:\/\/astrovizija.com.hr\/wp-content\/uploads\/2025\/02\/leo.png\",\r\n        \"https:\/\/astrovizija.com.hr\/wp-content\/uploads\/2025\/02\/gemini.png\",\r\n        \"https:\/\/astrovizija.com.hr\/wp-content\/uploads\/2025\/02\/capricorn.png\",\r\n        \"https:\/\/astrovizija.com.hr\/wp-content\/uploads\/2025\/02\/cancer.png\",\r\n        \"https:\/\/astrovizija.com.hr\/wp-content\/uploads\/2025\/02\/aries.png\",\r\n        \"https:\/\/astrovizija.com.hr\/wp-content\/uploads\/2025\/02\/aquarius.png\",\r\n        \"https:\/\/astrovizija.com.hr\/wp-content\/uploads\/2025\/01\/zvjezdice.png\",\r\n        \"https:\/\/astrovizija.com.hr\/wp-content\/uploads\/2025\/02\/pisces.png\",\r\n        \"https:\/\/astrovizija.com.hr\/wp-content\/uploads\/2025\/02\/satellites.png\",\r\n        \"https:\/\/astrovizija.com.hr\/wp-content\/uploads\/2025\/01\/icons8-heart-16-2-1.png\"\r\n    ];\r\n\r\n    function launchSymbol() {\r\n        let img = document.createElement(\"img\");\r\n        img.src = symbols[Math.floor(Math.random() * symbols.length)];\r\n        img.classList.add(\"icon\");\r\n\r\n        let angle = Math.random() * 2 * Math.PI;\r\n        let distance = Math.random() * 150 + 70;  \/\/ POVE\u0106ANI DOMET LETA!\r\n        let x = Math.cos(angle) * distance;\r\n        let y = Math.sin(angle) * distance;\r\n        let x2 = x * 1.8;  \/\/ Jo\u0161 dalje u svemir!\r\n        let y2 = y * 1.8;\r\n\r\n        img.style.setProperty(\"--x\", `${x}px`);\r\n        img.style.setProperty(\"--y\", `${y}px`);\r\n        img.style.setProperty(\"--x2\", `${x2}px`);\r\n        img.style.setProperty(\"--y2\", `${y2}px`);\r\n\r\n        img.style.animation = \"iconBounce 3s ease-in-out forwards\";\r\n        portal.appendChild(img);\r\n\r\n        setTimeout(() => {\r\n            img.remove();\r\n        }, 3000);\r\n    }\r\n\r\n    setInterval(launchSymbol, 800); \/\/ Br\u017ei izlazak novih ikona\r\n});\r\n<\/script>\r\n\r\n<div class=\"cosmic-text\">Astro Vizija - Grof Alen Milohani\u0107<\/div>\r\n\t\t\t\t<\/div>\n\t\t\t\t<\/div>\n\t\t\t\t<\/div>\n\t\t\t\t\t<\/div>\n\t\t\t\t<\/div>\n\t\t<div class=\"elementor-element elementor-element-22e9b06 astro-portal e-flex e-con-boxed e-con e-parent\" data-id=\"22e9b06\" data-element_type=\"container\" data-e-type=\"container\">\n\t\t\t\t\t<div class=\"e-con-inner\">\n\t\t\t\t<div class=\"elementor-element elementor-element-22a6748 elementor-widget elementor-widget-html\" data-id=\"22a6748\" data-element_type=\"widget\" data-e-type=\"widget\" data-widget_type=\"html.default\">\n\t\t\t\t<div class=\"elementor-widget-container\">\n\t\t\t\t\t<div class=\"astro-portal\">\r\n    <!-- Lijevi kontejner (VIDEO) -->\r\n    <div class=\"video-wrapper\">\r\n        <iframe \r\n            src=\"https:\/\/www.youtube.com\/embed\/pSRLwlAlrCI\" \r\n            title=\"Astro Vizija\" \r\n            frameborder=\"0\" \r\n            allowfullscreen>\r\n        <\/iframe>\r\n    <\/div>\r\n\r\n    <!-- Desni kontejner (TEKST) -->\r\n    <div class=\"text-wrapper\">\r\n        <h2 class=\"astro-title\">Dobrodo\u0161li u Astro Viziju! \ud83c\udf0c<\/h2>\r\n        <p class=\"astro-text\">\r\n            Astrologija je vi\u0161e od horoskopa \u2013 ona je alat za razumijevanje nas samih, \r\n            na\u0161ih potencijala i izazova. U ovom videu predstavljam vam svoju viziju astrologije, \r\n            njezinu povezanost s duhovno\u0161\u0107u i kako mo\u017ee pomo\u0107i svakome tko \u017eeli dublje razumjeti \r\n            sebe i svijet oko sebe.\r\n        <\/p>\r\n\r\n        <!-- Ovdje dodajemo re\u010denicu koju smo zaboravili -->\r\n        <h3 class=\"astro-subtitle\">\ud83c\udf20 \u0160to je Astro Vizija?<\/h3>\r\n        <p class=\"astro-description\">\r\n            Astro Vizija je prostor gdje \u0107emo zajedno istra\u017eivati:\r\n        <\/p>\r\n\r\n        <ul class=\"astro-list\">\r\n            <li>\u2714 Dubinsku analizu natalnih karata i osobnih potencijala.<\/li>\r\n            <li>\u2714 Misti\u010dne i astrolo\u0161ke fenomene na nebu.<\/li>\r\n            <li>\u2714 Besplatne edukacije i inspirativne sadr\u017eaje.<\/li>\r\n            <li>\u2714 Gostovanja zanimljivih ljudi i ciljana predavanja za sve ljubitelje astrologije.<\/li>\r\n        <\/ul>\r\n\r\n        <div class=\"cta-container\">\r\n            <p class=\"cta-text\">\ud83d\udcab Gledajte video i saznajte vi\u0161e! Ako vas zanima astrologija i \u017eelite biti dio ove zajednice, zapratite me i istra\u017eimo zajedno \u010daroliju zvijezda! \u2728<\/p>\r\n        <\/div>\r\n    <\/div>\r\n<\/div>\r\n<!-- ZVIJEZDE -->\r\n<div class=\"star-container\">\r\n    <div class=\"star\"><\/div>\r\n    <div class=\"star\"><\/div>\r\n    <div class=\"star\"><\/div>\r\n    <div class=\"star\"><\/div>\r\n    <div class=\"star\"><\/div>\r\n    <div class=\"star\"><\/div>\r\n    <div class=\"star\"><\/div>\r\n<\/div>\r\n<!-- Lebde\u0107e zvijezde u pozadini -->\r\n<div class=\"meteor-container\">\r\n    <div class=\"meteor\"><\/div>\r\n    <div class=\"meteor\"><\/div>\r\n    <div class=\"meteor\"><\/div>\r\n<\/div>\r\n\r\n<div class=\"shooting-star\"><\/div>\r\n\r\n\t\t\t\t<\/div>\n\t\t\t\t<\/div>\n\t\t\t\t<div class=\"elementor-element elementor-element-2107b78 elementor-widget elementor-widget-html\" data-id=\"2107b78\" data-element_type=\"widget\" data-e-type=\"widget\" data-widget_type=\"html.default\">\n\t\t\t\t<div class=\"elementor-widget-container\">\n\t\t\t\t\t<style>\r\n.qr-magija {\r\n  text-align: center;\r\n  margin-top: 60px;\r\n  padding: 25px;\r\n  background: linear-gradient(145deg, rgba(40, 30, 60, 0.9), rgba(20, 15, 35, 0.9));\r\n  border-radius: 20px;\r\n  box-shadow: 0 0 30px rgba(173, 139, 255, 0.1), inset 0 0 20px rgba(173, 139, 255, 0.15);\r\n  color: #e0dff0;\r\n  font-family: 'Segoe UI', Tahoma, Geneva, Verdana, sans-serif;\r\n  max-width: 320px;\r\n  margin-left: auto;\r\n  margin-right: auto;\r\n  position: relative;\r\n  transition: transform 0.3s ease-in-out, box-shadow 0.3s ease-in-out;\r\n}\r\n\r\n.qr-magija:hover {\r\n  transform: scale(1.03);\r\n  box-shadow: 0 0 50px rgba(190, 150, 255, 0.25), inset 0 0 25px rgba(190, 150, 255, 0.2);\r\n}\r\n\r\n.qr-magija h3 {\r\n  font-size: 1.5em;\r\n  margin-bottom: 10px;\r\n  color: #dfd3ff;\r\n  text-shadow: 0 0 6px #a177ff;\r\n}\r\n\r\n.qr-magija p {\r\n  margin-bottom: 15px;\r\n  font-size: 0.95em;\r\n}\r\n\r\n.qr-magija img {\r\n  border-radius: 10px;\r\n  border: 2px solid #a177ff;\r\n  padding: 4px;\r\n  transition: transform 0.5s ease-in-out;\r\n}\r\n\r\n.qr-magija img:hover {\r\n  transform: scale(1.05) rotate(-1deg);\r\n}\r\n\r\n.qr-napomena {\r\n  font-size: 0.8em;\r\n  margin-top: 10px;\r\n  color: #c0b3ff;\r\n  opacity: 0.8;\r\n}\r\n<\/style>\r\n\r\n<div class=\"qr-magija\">\r\n  <h3>\ud83d\udcf2 Spremi ovu stranicu na svoj mobitel<\/h3>\r\n  <p>Skeniraj QR kod i imaj pristup <strong>Astro Viziji<\/strong><br>gdje god bio.<\/p>\r\n  <img decoding=\"async\" src=\"https:\/\/api.qrserver.com\/v1\/create-qr-code\/?size=150x150&data=https:\/\/astrovizija.com.hr\" alt=\"QR kod za Astro Viziju\">\r\n  <p class=\"qr-napomena\">\u2726 Otvori u mobilnom pregledniku<\/p>\r\n<\/div>\r\n\t\t\t\t<\/div>\n\t\t\t\t<\/div>\n\t\t\t\t\t<\/div>\n\t\t\t\t<\/div>\n\t\t<div class=\"elementor-element elementor-element-ff2ba2b astro-anim-container e-flex e-con-boxed e-con e-parent\" data-id=\"ff2ba2b\" data-element_type=\"container\" data-e-type=\"container\">\n\t\t\t\t\t<div class=\"e-con-inner\">\n\t\t\t\t<div class=\"elementor-element elementor-element-a474dde elementor-widget elementor-widget-html\" data-id=\"a474dde\" data-element_type=\"widget\" data-e-type=\"widget\" data-widget_type=\"html.default\">\n\t\t\t\t<div class=\"elementor-widget-container\">\n\t\t\t\t\t<div class=\"astro-anim-container\">\r\n    <h2 class=\"astro-title\">ASTRO VIZIJA - GROF ALEN MILOHANI\u0106<\/h2>\r\n    <div class=\"star-container-bottom\"> \r\n        <div class=\"star-bottom\"><\/div>\r\n        <div class=\"star-bottom\"><\/div>\r\n        <div class=\"star-bottom\"><\/div>\r\n        <div class=\"star-bottom\"><\/div>\r\n        <div class=\"star-bottom\"><\/div>\r\n    <\/div>\r\n<\/div>\r\n\t\t\t\t<\/div>\n\t\t\t\t<\/div>\n\t\t\t\t\t<\/div>\n\t\t\t\t<\/div>\n\t\t\t\t<\/div>\n\t\t","protected":false},"excerpt":{"rendered":"<p>Zvijezde koje su me dovele ovdje Dobrodo\u0161li u svijet Astro Vizije! Ja sam Alen Milohani\u0107, astrolog, kreativac i zaljubljenik u kozmi\u010dke pri\u010de koje svemir svakodnevno pi\u0161e. Moja strast prema astrologiji rodila se iz znati\u017eelje za dubljim razumijevanjem sebe i svijeta oko mene. Astrologija nije samo znanost o zvijezdama \u2013 ona je most izme\u0111u neba i [&hellip;]<\/p>\n","protected":false},"author":1,"featured_media":0,"parent":0,"menu_order":0,"comment_status":"closed","ping_status":"closed","template":"","meta":{"_acf_changed":false,"_uag_custom_page_level_css":"","footnotes":""},"class_list":["post-48","page","type-page","status-publish","hentry"],"acf":[],"uagb_featured_image_src":{"full":false,"thumbnail":false,"medium":false,"medium_large":false,"large":false,"1536x1536":false,"2048x2048":false,"trp-custom-language-flag":false,"tp-image-grid":false},"uagb_author_info":{"display_name":"Astro Vizija - Alen Milohani\u0107","author_link":"https:\/\/astrovizija.com.hr\/en\/author\/astro\/"},"uagb_comment_info":0,"uagb_excerpt":"Zvijezde koje su me dovele ovdje Dobrodo\u0161li u svijet Astro Vizije! Ja sam Alen Milohani\u0107, astrolog, kreativac i zaljubljenik u kozmi\u010dke pri\u010de koje svemir svakodnevno pi\u0161e. Moja strast prema astrologiji rodila se iz znati\u017eelje za dubljim razumijevanjem sebe i svijeta oko mene. Astrologija nije samo znanost o zvijezdama \u2013 ona je most izme\u0111u neba i&hellip;","_links":{"self":[{"href":"https:\/\/astrovizija.com.hr\/en\/wp-json\/wp\/v2\/pages\/48","targetHints":{"allow":["GET"]}}],"collection":[{"href":"https:\/\/astrovizija.com.hr\/en\/wp-json\/wp\/v2\/pages"}],"about":[{"href":"https:\/\/astrovizija.com.hr\/en\/wp-json\/wp\/v2\/types\/page"}],"author":[{"embeddable":true,"href":"https:\/\/astrovizija.com.hr\/en\/wp-json\/wp\/v2\/users\/1"}],"replies":[{"embeddable":true,"href":"https:\/\/astrovizija.com.hr\/en\/wp-json\/wp\/v2\/comments?post=48"}],"version-history":[{"count":558,"href":"https:\/\/astrovizija.com.hr\/en\/wp-json\/wp\/v2\/pages\/48\/revisions"}],"predecessor-version":[{"id":16788,"href":"https:\/\/astrovizija.com.hr\/en\/wp-json\/wp\/v2\/pages\/48\/revisions\/16788"}],"wp:attachment":[{"href":"https:\/\/astrovizija.com.hr\/en\/wp-json\/wp\/v2\/media?parent=48"}],"curies":[{"name":"wp","href":"https:\/\/api.w.org\/{rel}","templated":true}]}}